{"id":5666,"date":"2021-10-10T00:30:05","date_gmt":"2021-10-09T21:30:05","guid":{"rendered":"https:\/\/www.galenus.ro\/?page_id=5666"},"modified":"2025-03-16T21:46:12","modified_gmt":"2025-03-16T18:46:12","slug":"orar","status":"publish","type":"page","link":"https:\/\/www.galenus.ro\/hu\/orar\/","title":{"rendered":"Rendel\u00e9si Id\u0151k"},"content":{"rendered":"<p>[vc_row][vc_column][vc_column_text]Aici po\u021bi g\u0103si orarul general al clinicii, <strong>structurat pe LOCA\u021aII<\/strong>, \u0219i \u00een acela\u0219i timp, am preg\u0103tit sec\u021biunea \u00een care po\u021bi ini\u021bia o programare c\u0103tre <em><strong>Medicul, Specialitatea \u0219i Ora\u0219ul de preferin\u021b\u0103!<\/strong><\/em>[\/vc_column_text][vc_separator][\/vc_column][\/vc_row][vc_row top_margin=&#8221;page-margin-top&#8221; el_position=&#8221;first last&#8221;][vc_column width=&#8221;1\/3&#8243;][vc_column_text]<\/p>\n<p style=\"text-align: center;\"><strong>Loca\u021bia Tg. Mure\u0219<\/strong><\/p>\n<p>[\/vc_column_text][vc_hoverbox image=&#8221;5633&#8243; primary_title=&#8221;&#8221; hover_title=&#8221;Unde ne g\u0103si\u021bi?&#8221; hover_btn_title=&#8221;Contact&#8221; hover_btn_i_icon_fontawesome=&#8221;fa fa-phone-square&#8221; hover_add_button=&#8221;true&#8221; hover_btn_add_icon=&#8221;true&#8221; hover_btn_link=&#8221;url:https%3A%2F%2Fwww.galenus.ro%2Fcontact%2F|title:Contact||&#8221;]Tg. Mure\u0219, str. Gheorghe Doja, nr. 19-.21[\/vc_hoverbox][vc_accordion][vc_accordion_tab title=&#8221;Ambulatoriu specialitate&#8221; tab_id=&#8221;1633790744-2-31&#8243;][vc_column_text]<strong>Luni-Vineri:\u00a0<\/strong>8:00 &#8211; 21:00[\/vc_column_text][\/vc_accordion_tab][vc_accordion_tab title=&#8221;Analize Laborator&#8221;][vc_column_text]<strong>Luni-Vineri:<\/strong> 7:30 &#8211; 17:30[\/vc_column_text][\/vc_accordion_tab][vc_accordion_tab title=&#8221;Imagistic\u0103-Medical\u0103&#8221;][vc_column_text]<strong>Luni-Vineri<\/strong>: 8:00 &#8211; 18:00[\/vc_column_text][\/vc_accordion_tab][vc_accordion_tab title=&#8221;Medicina Muncii&#8221;][vc_column_text]<strong>Luni-Vineri<\/strong>: 8:00 &#8211; 16:00<\/p>\n<p>*se fac \u0219i deplas\u0103ri la sediul pacien\u021bilor[\/vc_column_text][\/vc_accordion_tab][\/vc_accordion][\/vc_column][vc_column width=&#8221;1\/3&#8243;][vc_column_text]<\/p>\n<p style=\"text-align: center;\"><strong>Loca\u021bia Reghin<\/strong><\/p>\n<p>[\/vc_column_text][vc_hoverbox image=&#8221;5672&#8243; primary_title=&#8221;&#8221; hover_title=&#8221;Unde ne g\u0103si\u021bi?&#8221; hover_btn_title=&#8221;Contact&#8221; hover_btn_i_icon_fontawesome=&#8221;fa fa-phone-square&#8221; hover_add_button=&#8221;true&#8221; hover_btn_add_icon=&#8221;true&#8221; hover_btn_link=&#8221;url:https%3A%2F%2Fwww.galenus.ro%2Fcontact%2F|title:Contact||&#8221;]Reghin, Blvd Libert\u0103\u021bii, sp.com. 2 (l\u00e2ng\u0103 Flor\u0103ria Flamingo)[\/vc_hoverbox][vc_accordion][vc_accordion_tab title=&#8221;Ambulatoriu specialitate&#8221; tab_id=&#8221;1633790744-2-31&#8243;][vc_column_text]<strong>Luni: <\/strong>8:00 &#8211; 19:00<br \/>\n<strong>Mar\u021bi: <\/strong>8:00 &#8211; 20:00<br \/>\n<strong>Miercuri: <\/strong>8:00 &#8211; 19:00<br \/>\n<strong>Joi: <\/strong>8:00 &#8211; 20:00<br \/>\n<strong>Vineri: <\/strong>8:00 &#8211; 14:00[\/vc_column_text][\/vc_accordion_tab][vc_accordion_tab title=&#8221;Analize Laborator&#8221;][vc_column_text]<strong>Luni-Vineri:<\/strong> 7:30 &#8211; 13:30[\/vc_column_text][\/vc_accordion_tab][vc_accordion_tab title=&#8221;Medicina Muncii&#8221;][vc_column_text]<b>Joi (sau pe programare)<\/b>: 8:00 &#8211; 14:00<\/p>\n<p>*se fac \u0219i deplas\u0103ri la sediul pacien\u021bilor. Necesit\u0103 programare.[\/vc_column_text][\/vc_accordion_tab][\/vc_accordion][\/vc_column][vc_column width=&#8221;1\/3&#8243;][vc_column_text]<\/p>\n<p style=\"text-align: center;\"><strong>Clinica Virtual\u0103 GALENUS<\/strong><\/p>\n<p>[\/vc_column_text][vc_hoverbox image=&#8221;5674&#8243; primary_title=&#8221;&#8221; hover_title=&#8221;Unde ne g\u0103si\u021bi?&#8221; hover_btn_title=&#8221;Contact&#8221; hover_btn_i_icon_fontawesome=&#8221;fa fa-phone-square&#8221; hover_add_button=&#8221;true&#8221; hover_btn_add_icon=&#8221;true&#8221; hover_btn_link=&#8221;url:https%3A%2F%2Fwww.galenus.ro%2Fcontact%2F|title:Contact||&#8221;]Cabinete virtuale private \u0219i securizate! Accesibil de pe orice device (telefon, tablet\u0103, laptop, pc).[\/vc_hoverbox][vc_accordion][vc_accordion_tab title=&#8221;Ambulatoriu specialitate&#8221; tab_id=&#8221;1633790744-2-31&#8243;][vc_column_text]<strong>Luni-Vineri:\u00a0<\/strong>8:00 &#8211; 21:00<\/p>\n<p>*doar cu programare \u0219i cu confirmarea doctorului, cu privire la afec\u021biunea dorit\u0103 de a se trata.[\/vc_column_text][\/vc_accordion_tab][\/vc_accordion][\/vc_column][\/vc_row][vc_row top_margin=&#8221;page-margin-top&#8221; el_id=&#8221;programare-online&#8221;][vc_column]<h3 class=\"sentence template-quote-2 animated-element animation-fadeIn\">Po\u021bi verifica disponibilitatea, f\u0103r\u0103 cont! Dac\u0103 g\u0103se\u0219ti un loc disponibil, blocheaz\u0103 locul \u0219i asigur\u0103-te c\u0103 ai primit linkul de confirmare \u0219i c\u0103 programarea ta e \u00eenregistrat\u0103!<\/h3><div class=\"clearfix\"><span class=\"sentence-author animated-element animation-fadeIn\">conducerea Centrul MedicalGALENUS<\/span><\/div>[\/vc_column][\/vc_row][vc_row top_margin=&#8221;page-margin-top&#8221;][vc_column][vc_raw_html]JTNDaWZyYW1lJTIwc3JjJTNEJTIyaHR0cHMlM0ElMkYlMkZiMmMuZ2FsZW51cy5ybyUyRmluZGV4LWRldi5odG1sJTNGYXAlM0QxJTIyJTIwc3R5bGUlM0QlMjJib3JkZXIlM0EycHglMjAlMjNmZmZmZmYlMjBzb2xpZCUzQiUyMiUyMG5hbWUlM0QlMjJiMmMuZ2FsZW51cy5ybyUyMiUyMHNjcm9sbGluZyUzRCUyMm5vJTIyJTIwZnJhbWVib3JkZXIlM0QlMjIxJTIyJTIwbWFyZ2luaGVpZ2h0JTNEJTIyMjVweCUyMiUyMG1hcmdpbndpZHRoJTNEJTIyMjVweCUyMiUyMGhlaWdodCUzRCUyMjgwMHB4JTIyJTIwd2lkdGglM0QlMjIxMDAlMjUlMjIlMjBhbGxvd2Z1bGxzY3JlZW4lMjBzY3JvbGxpbmclM0QlMjJhdXRvJTIyJTNFJTNFJTNDJTJGaWZyYW1lJTNF[\/vc_raw_html][\/vc_column][\/vc_row]<\/p>\n","protected":false},"excerpt":{"rendered":"<p>[vc_row][vc_column][vc_column_text]Aici po\u021bi g\u0103si orarul general al clinicii, structurat pe LOCA\u021aII, \u0219i \u00een acela\u0219i timp, am preg\u0103tit sec\u021biunea \u00een care po\u021bi ini\u021bia o programare c\u0103tre Medicul, Specialitatea \u0219i Ora\u0219ul de preferin\u021b\u0103![\/vc_column_text][vc_separator][\/vc_column][\/vc_row][vc_row top_margin=&#8221;page-margin-top&#8221; el_position=&#8221;first last&#8221;][vc_column width=&#8221;1\/3&#8243;][vc_column_text] Loca\u021bia Tg. Mure\u0219 [\/vc_column_text][vc_hoverbox image=&#8221;5633&#8243; primary_title=&#8221;&#8221; hover_title=&#8221;Unde ne g\u0103si\u021bi?&#8221; hover_btn_title=&#8221;Contact&#8221; hover_btn_i_icon_fontawesome=&#8221;fa fa-phone-square&#8221; hover_add_button=&#8221;true&#8221; hover_btn_add_icon=&#8221;true&#8221; hover_btn_link=&#8221;url:https%3A%2F%2Fwww.galenus.ro%2Fcontact%2F|title:Contact||&#8221;]Tg. Mure\u0219, str. Gheorghe Doja, nr. 19-.21[\/vc_hoverbox][vc_accordion][vc_accordion_tab<\/p>\n","protected":false},"author":6,"featured_media":0,"parent":0,"menu_order":0,"comment_status":"open","ping_status":"closed","template":"","meta":{"footnotes":""},"class_list":["post-5666","page","type-page","status-publish","hentry"],"_links":{"self":[{"href":"https:\/\/www.galenus.ro\/hu\/wp-json\/wp\/v2\/pages\/5666","targetHints":{"allow":["GET"]}}],"collection":[{"href":"https:\/\/www.galenus.ro\/hu\/wp-json\/wp\/v2\/pages"}],"about":[{"href":"https:\/\/www.galenus.ro\/hu\/wp-json\/wp\/v2\/types\/page"}],"author":[{"embeddable":true,"href":"https:\/\/www.galenus.ro\/hu\/wp-json\/wp\/v2\/users\/6"}],"replies":[{"embeddable":true,"href":"https:\/\/www.galenus.ro\/hu\/wp-json\/wp\/v2\/comments?post=5666"}],"version-history":[{"count":32,"href":"https:\/\/www.galenus.ro\/hu\/wp-json\/wp\/v2\/pages\/5666\/revisions"}],"predecessor-version":[{"id":6054,"href":"https:\/\/www.galenus.ro\/hu\/wp-json\/wp\/v2\/pages\/5666\/revisions\/6054"}],"wp:attachment":[{"href":"https:\/\/www.galenus.ro\/hu\/wp-json\/wp\/v2\/media?parent=5666"}],"curies":[{"name":"wp","href":"https:\/\/api.w.org\/{rel}","templated":true}]}}