{"id":5549,"date":"2021-09-12T03:39:08","date_gmt":"2021-09-12T00:39:08","guid":{"rendered":"https:\/\/www.galenus.ro\/?page_id=5549"},"modified":"2021-09-15T00:55:24","modified_gmt":"2021-09-14T21:55:24","slug":"teste-laborator","status":"publish","type":"page","link":"https:\/\/www.galenus.ro\/hu\/teste-laborator\/","title":{"rendered":"Hiteles\u00edtse a teszt \u00e1llapot\u00e1t"},"content":{"rendered":"<p>[vc_row top_margin=&#8221;page-margin-top-section&#8221; el_position=&#8221;first&#8221;][vc_column width=&#8221;1\/2&#8243;]<div class=\"gallery-box small-slider hover-icons-off\"><ul class=\"image-carousel small-slider id-small-slider autoplay-1 pause_on_hover-1 scroll-1 effect-scroll easing-easeInOutQuint duration-750\"><li><img loading=\"lazy\" decoding=\"async\" width=\"600\" height=\"400\" src=\"https:\/\/www.galenus.ro\/wp-content\/uploads\/2021\/09\/qr-codes-600x400.jpg\" class=\"attachment-medicenter-gallery-image size-medicenter-gallery-image\" alt=\"\" srcset=\"https:\/\/www.galenus.ro\/wp-content\/uploads\/2021\/09\/qr-codes-600x400.jpg 600w, https:\/\/www.galenus.ro\/wp-content\/uploads\/2021\/09\/qr-codes-670x446.jpg 670w, https:\/\/www.galenus.ro\/wp-content\/uploads\/2021\/09\/qr-codes-480x320.jpg 480w, https:\/\/www.galenus.ro\/wp-content\/uploads\/2021\/09\/qr-codes-390x260.jpg 390w, https:\/\/www.galenus.ro\/wp-content\/uploads\/2021\/09\/qr-codes-285x190.jpg 285w\" sizes=\"auto, (max-width: 600px) 100vw, 600px\" \/><ul class=\"controls\">\n\t\t\t\t<li>\n\t\t\t\t\t<a href=\"https:\/\/www.galenus.ro\/wp-content\/uploads\/2021\/09\/qr-codes.jpg\" class=\"template-plus-2 fancybox open-lightbox\" rel=\"small_slider[small-slider]\"><\/a>\n\t\t\t\t<\/li>\n\t\t\t<\/ul>\n\t\t<\/li><li><img loading=\"lazy\" decoding=\"async\" width=\"600\" height=\"400\" src=\"https:\/\/www.galenus.ro\/wp-content\/uploads\/2021\/09\/certificat-covid-2021-600x400.jpg\" class=\"attachment-medicenter-gallery-image size-medicenter-gallery-image\" alt=\"\" srcset=\"https:\/\/www.galenus.ro\/wp-content\/uploads\/2021\/09\/certificat-covid-2021-600x400.jpg 600w, https:\/\/www.galenus.ro\/wp-content\/uploads\/2021\/09\/certificat-covid-2021-670x446.jpg 670w, https:\/\/www.galenus.ro\/wp-content\/uploads\/2021\/09\/certificat-covid-2021-480x320.jpg 480w, https:\/\/www.galenus.ro\/wp-content\/uploads\/2021\/09\/certificat-covid-2021-390x260.jpg 390w, https:\/\/www.galenus.ro\/wp-content\/uploads\/2021\/09\/certificat-covid-2021-285x190.jpg 285w\" sizes=\"auto, (max-width: 600px) 100vw, 600px\" \/><ul class=\"controls\">\n\t\t\t\t<li>\n\t\t\t\t\t<a href=\"https:\/\/www.galenus.ro\/wp-content\/uploads\/2021\/09\/certificat-covid-2021.jpg\" class=\"template-plus-2 fancybox open-lightbox\" rel=\"small_slider[small-slider]\"><\/a>\n\t\t\t\t<\/li>\n\t\t\t<\/ul>\n\t\t<\/li><\/ul><\/div>[\/vc_column][vc_column width=&#8221;1\/2&#8243;]<h2 class=\"box-header animation-slide\">Ellen\u0151rizze a teszt \u00e1llapot\u00e1t!<\/h2>[vc_column_text el_class=&#8221;no-margin description&#8221;]K\u00e9rj\u00fck, vegye figyelembe, hogy a kapott elemz\u00e9si k\u00f6zlem\u00e9nyben tal\u00e1lhat\u00f3 QR -k\u00f3d beolvas\u00e1s\u00e1val <strong>7 napon<\/strong> kereszt\u00fcl korl\u00e1tozott ideig hozz\u00e1f\u00e9rhet az eredm\u00e9nyhez ezen az oldalon kereszt\u00fcl.<br \/>\nEzzel meger\u0151s\u00edtj\u00fck klinik\u00e1nkban az eredm\u00e9ny \u00e9s a teszt hiteless\u00e9g\u00e9t.[\/vc_column_text]<h3 class=\"box-header margin-top-10 animation-slide\">A mi c\u00e9lunk<\/h3><h3 class=\"sentence template-quote-2 animated-element animation-slideLeft50\">Szeretn\u00e9nk, ha a vel\u00fcnk szerzett tapasztalatok kellemesek lenn\u00e9nek, \u00e9s mindent megtesz\u00fcnk, hogy modern lehet\u0151s\u00e9geket k\u00edn\u00e1ljunk \u00d6nnek az inform\u00e1ci\u00f3k el\u00e9r\u00e9s\u00e9hez. Egy\u00fctt mindig megtal\u00e1ljuk a megfelel\u0151 megold\u00e1st!<\/h3><div class=\"clearfix\"><span class=\"sentence-author animated-element animation-slideLeft50 delay-600\">\u2014 a GALENUS Orvosi K\u00f6zpont vezet\u00e9se<\/span><\/div>[\/vc_column][\/vc_row][vc_row top_margin=&#8221;page-margin-top&#8221;][vc_column]<div class=\"notification-box nb-info features-pen\"><h2>A teszt \u00e9rv\u00e9nyes\u00edt\u00e9s\u00e9hez nyissa meg a QR -k\u00f3dot tartalmaz\u00f3 linket!<\/h2><h5>Ez az oldal lehet\u0151s\u00e9get k\u00edn\u00e1l arra, hogy meger\u0151s\u00edtse a r\u00e1nk, a hat\u00f3s\u00e1gokra vagy a QR -k\u00f3dot bemutat\u00f3 szem\u00e9lyekre vonatkoz\u00f3 teszt \u00e9rv\u00e9nyess\u00e9g\u00e9t. Ehhez azonban be kell olvasnia a QR -k\u00f3dot. Az \u00fczenet megjelen\u00e9se azt jelenti, hogy nem a QR -k\u00f3d beolvas\u00e1s\u00e1val jutott el az oldalra.<\/h5><\/div><div class=\"clearfix closing-in-container\"><span class=\"closing-in\">Closing in <span class=\"seconds\">30<\/span> sec...<\/span><\/div>[vc_row_inner][vc_column_inner width=&#8221;1\/3&#8243;]<div class=\"info-box\"><h3>Tesztk\u00f3d teszt r\u00e9szletei<\/h3><\/div>[\/vc_column_inner][vc_column_inner width=&#8221;2\/3&#8243;]<div class=\"info-box\"><h3>Mintak\u00f3d eredm\u00e9nyek<\/h3><\/div>[\/vc_column_inner][\/vc_row_inner][vc_separator el_position=&#8221;first last&#8221;][\/vc_column][\/vc_row][vc_row top_margin=&#8221;page-margin-top&#8221; el_position=&#8221;last&#8221;][vc_column width=&#8221;2\/3&#8243;]<h3 class=\"box-header animation-slide\">N\u00e9h\u00e1ny h\u00edr<\/h3><div class=\"columns clearfix layout-row\"><ul class=\"blog clearfix\"><li class=\"vc_col-sm-6 wpb_column vc_column_container  post post-6118 type-post status-publish format-standard has-post-thumbnail hentry category-general tag-finantare tag-pnrr\"><ul class=\"comment-box clearfix\"><li class=\"date\">\n\t\t\t\t\t\t\t\t<div class=\"value\">19 DECEMBER 2025<\/div>\n\t\t\t\t\t\t\t\t<div class=\"arrow-date\"><\/div>\n\t\t\t\t\t\t\t<\/li><li class=\"comments-number\">\t\t\t<a href=\"https:\/\/www.galenus.ro\/hu\/invitatie-participare-anunt-achizitie-software-erp-medical-portal-pacienti\/#respond\" title=\"0 COMMENTS\">0<\/a>\n\t\t\t\t\t\t\t<\/li><\/ul><div class=\"post-content\"><a class=\"post-image\" href=\"https:\/\/www.galenus.ro\/hu\/invitatie-participare-anunt-achizitie-software-erp-medical-portal-pacienti\/\" title=\"Invita\u021bie participare anun\u021b achizi\u021bie &#8211; servicii instruire competen\u021be digitale\"><span class=\"mc-preloader\"><\/span><img loading=\"lazy\" decoding=\"async\" width=\"600\" height=\"400\" src=\"https:\/\/www.galenus.ro\/wp-content\/uploads\/2025\/12\/image-5-600x400.png\" class=\"attachment-medicenter-gallery-image size-medicenter-gallery-image wp-post-image\" alt=\"Invita\u021bie participare anun\u021b achizi\u021bie &#8211; servicii instruire competen\u021be digitale\" title=\"\" srcset=\"https:\/\/www.galenus.ro\/wp-content\/uploads\/2025\/12\/image-5-600x400.png 600w, https:\/\/www.galenus.ro\/wp-content\/uploads\/2025\/12\/image-5-300x201.png 300w, https:\/\/www.galenus.ro\/wp-content\/uploads\/2025\/12\/image-5-670x446.png 670w, https:\/\/www.galenus.ro\/wp-content\/uploads\/2025\/12\/image-5-480x320.png 480w, https:\/\/www.galenus.ro\/wp-content\/uploads\/2025\/12\/image-5-390x260.png 390w, https:\/\/www.galenus.ro\/wp-content\/uploads\/2025\/12\/image-5-285x190.png 285w, https:\/\/www.galenus.ro\/wp-content\/uploads\/2025\/12\/image-5.png 742w\" sizes=\"auto, (max-width: 600px) 100vw, 600px\" \/><\/a><h2 class=\"post-title\"><a href=\"https:\/\/www.galenus.ro\/hu\/invitatie-participare-anunt-achizitie-software-erp-medical-portal-pacienti\/\" title=\"Invita\u021bie participare anun\u021b achizi\u021bie &#8211; servicii instruire competen\u021be digitale\">Invita\u021bie participare anun\u021b achizi\u021bie &#8211; servicii instruire competen\u021be digitale<\/a><\/h2><p>Extinderea serviciilor medicale de TELERADIOLOGIE \u0219i TELEMEDICIN\u0102 Extinderea serviciilor medicale de TELERADIOLOGIE \u0219i TELEMEDICIN\u0102Nr. ordine 7183.1\/i3\/c9Finan\u021bat prin Planul Na\u021bional de Redresare&#8230;<\/p>\n<a title=\"Read more\" href=\"https:\/\/www.galenus.ro\/hu\/invitatie-participare-anunt-achizitie-software-erp-medical-portal-pacienti\/\" class=\"more template-arrow-horizontal-1-after\">Read more<\/a>\t\t<div class=\"post-footer clearfix\">\n\t\t\t\t\t\t\t\t<ul class=\"post-footer-details\"><li class=\"post-footer-author\">\n\t\t\t\t\t\t\t\t\t\tExpert IT Reghin\n\t\t\t\t\t\t\t\t\t<\/li><li class=\"post-footer-category\">\n\t\t\t\t\t\t\t\t\t\t\t<a href=\"https:\/\/www.galenus.ro\/hu\/category\/general\/\" title=\"View all posts filed under General\">General<\/a>\n\t\t\t\t\t\t\t\t\t\t<\/li><\/ul><\/div><\/div><\/li><li class=\"vc_col-sm-6 wpb_column vc_column_container  post post-6073 type-post status-publish format-standard has-post-thumbnail hentry category-general tag-finantare tag-pnrr\"><ul class=\"comment-box clearfix\"><li class=\"date\">\n\t\t\t\t\t\t\t\t<div class=\"value\">8 OKT\u00f3BER 2025<\/div>\n\t\t\t\t\t\t\t\t<div class=\"arrow-date\"><\/div>\n\t\t\t\t\t\t\t<\/li><li class=\"comments-number\">\t\t\t<a href=\"https:\/\/www.galenus.ro\/hu\/invitatie-participare-anunt-achizitie-software-erp-medical\/#respond\" title=\"0 COMMENTS\">0<\/a>\n\t\t\t\t\t\t\t<\/li><\/ul><div class=\"post-content\"><a class=\"post-image\" href=\"https:\/\/www.galenus.ro\/hu\/invitatie-participare-anunt-achizitie-software-erp-medical\/\" title=\"Invita\u021bie participare anun\u021b achizi\u021bie &#8211; software ERP Medical + portal pacien\u021bi\"><span class=\"mc-preloader\"><\/span><img loading=\"lazy\" decoding=\"async\" width=\"600\" height=\"400\" src=\"https:\/\/www.galenus.ro\/wp-content\/uploads\/2025\/10\/image-600x400.png\" class=\"attachment-medicenter-gallery-image size-medicenter-gallery-image wp-post-image\" alt=\"Invita\u021bie participare anun\u021b achizi\u021bie &#8211; software ERP Medical + portal pacien\u021bi\" title=\"\" srcset=\"https:\/\/www.galenus.ro\/wp-content\/uploads\/2025\/10\/image-600x400.png 600w, https:\/\/www.galenus.ro\/wp-content\/uploads\/2025\/10\/image-670x446.png 670w, https:\/\/www.galenus.ro\/wp-content\/uploads\/2025\/10\/image-480x320.png 480w, https:\/\/www.galenus.ro\/wp-content\/uploads\/2025\/10\/image-390x260.png 390w, https:\/\/www.galenus.ro\/wp-content\/uploads\/2025\/10\/image-285x190.png 285w\" sizes=\"auto, (max-width: 600px) 100vw, 600px\" \/><\/a><h2 class=\"post-title\"><a href=\"https:\/\/www.galenus.ro\/hu\/invitatie-participare-anunt-achizitie-software-erp-medical\/\" title=\"Invita\u021bie participare anun\u021b achizi\u021bie &#8211; software ERP Medical + portal pacien\u021bi\">Invita\u021bie participare anun\u021b achizi\u021bie &#8211; software ERP Medical + portal pacien\u021bi<\/a><\/h2><p>Extinderea serviciilor medicale de TELERADIOLOGIE \u0219i TELEMEDICIN\u0102 Extinderea serviciilor medicale de TELERADIOLOGIE \u0219i TELEMEDICIN\u0102Nr. ordine 7183.1\/i3\/c9Finan\u021bat prin Planul Na\u021bional de Redresare&#8230;<\/p>\n<a title=\"Read more\" href=\"https:\/\/www.galenus.ro\/hu\/invitatie-participare-anunt-achizitie-software-erp-medical\/\" class=\"more template-arrow-horizontal-1-after\">Read more<\/a>\t\t<div class=\"post-footer clearfix\">\n\t\t\t\t\t\t\t\t<ul class=\"post-footer-details\"><li class=\"post-footer-author\">\n\t\t\t\t\t\t\t\t\t\tExpert IT Reghin\n\t\t\t\t\t\t\t\t\t<\/li><li class=\"post-footer-category\">\n\t\t\t\t\t\t\t\t\t\t\t<a href=\"https:\/\/www.galenus.ro\/hu\/category\/general\/\" title=\"View all posts filed under General\">General<\/a>\n\t\t\t\t\t\t\t\t\t\t<\/li><\/ul><\/div><\/div><\/li><\/ul><ul class=\"blog clearfix\"><li class=\"vc_col-sm-6 wpb_column vc_column_container  post post-6093 type-post status-publish format-standard hentry category-general tag-finantare tag-pnrr\"><ul class=\"comment-box clearfix\"><li class=\"date\">\n\t\t\t\t\t\t\t\t<div class=\"value\">26 J\u00faNIUS 2025<\/div>\n\t\t\t\t\t\t\t\t<div class=\"arrow-date\"><\/div>\n\t\t\t\t\t\t\t<\/li><li class=\"comments-number\">\t\t\t<a href=\"https:\/\/www.galenus.ro\/hu\/invitatie-participare-anunt-achizitie-audit-it-tehnic\/#respond\" title=\"0 COMMENTS\">0<\/a>\n\t\t\t\t\t\t\t<\/li><\/ul><div class=\"post-content\"><h2 class=\"post-title\"><a href=\"https:\/\/www.galenus.ro\/hu\/invitatie-participare-anunt-achizitie-audit-it-tehnic\/\" title=\"Invita\u021bie participare anun\u021b achizi\u021bie &#8211; audit IT tehnic\">Invita\u021bie participare anun\u021b achizi\u021bie &#8211; audit IT tehnic<\/a><\/h2><p>Extinderea serviciilor medicale de TELERADIOLOGIE \u0219i TELEMEDICIN\u0102 Extinderea serviciilor medicale de TELERADIOLOGIE \u0219i TELEMEDICIN\u0102Nr. ordine 7183.1\/i3\/c9Finan\u021bat prin Planul Na\u021bional de Redresare&#8230;<\/p>\n<a title=\"Read more\" href=\"https:\/\/www.galenus.ro\/hu\/invitatie-participare-anunt-achizitie-audit-it-tehnic\/\" class=\"more template-arrow-horizontal-1-after\">Read more<\/a>\t\t<div class=\"post-footer clearfix\">\n\t\t\t\t\t\t\t\t<ul class=\"post-footer-details\"><li class=\"post-footer-author\">\n\t\t\t\t\t\t\t\t\t\tExpert IT Reghin\n\t\t\t\t\t\t\t\t\t<\/li><li class=\"post-footer-category\">\n\t\t\t\t\t\t\t\t\t\t\t<a href=\"https:\/\/www.galenus.ro\/hu\/category\/general\/\" title=\"View all posts filed under General\">General<\/a>\n\t\t\t\t\t\t\t\t\t\t<\/li><\/ul><\/div><\/div><\/li><li class=\"vc_col-sm-6 wpb_column vc_column_container  post post-6091 type-post status-publish format-standard has-post-thumbnail hentry category-general tag-finantare tag-pnrr\"><ul class=\"comment-box clearfix\"><li class=\"date\">\n\t\t\t\t\t\t\t\t<div class=\"value\">26 J\u00faNIUS 2025<\/div>\n\t\t\t\t\t\t\t\t<div class=\"arrow-date\"><\/div>\n\t\t\t\t\t\t\t<\/li><li class=\"comments-number\">\t\t\t<a href=\"https:\/\/www.galenus.ro\/hu\/invitatie-participare-anunt-achizitie-domeniu-www\/#respond\" title=\"0 COMMENTS\">0<\/a>\n\t\t\t\t\t\t\t<\/li><\/ul><div class=\"post-content\"><a class=\"post-image\" href=\"https:\/\/www.galenus.ro\/hu\/invitatie-participare-anunt-achizitie-domeniu-www\/\" title=\"Invita\u021bie participare anun\u021b achizi\u021bie &#8211; domeniu www\"><span class=\"mc-preloader\"><\/span><img loading=\"lazy\" decoding=\"async\" width=\"600\" height=\"400\" src=\"https:\/\/www.galenus.ro\/wp-content\/uploads\/2025\/12\/image-1-600x400.png\" class=\"attachment-medicenter-gallery-image size-medicenter-gallery-image wp-post-image\" alt=\"Invita\u021bie participare anun\u021b achizi\u021bie &#8211; domeniu www\" title=\"\" srcset=\"https:\/\/www.galenus.ro\/wp-content\/uploads\/2025\/12\/image-1-600x400.png 600w, https:\/\/www.galenus.ro\/wp-content\/uploads\/2025\/12\/image-1-670x446.png 670w, https:\/\/www.galenus.ro\/wp-content\/uploads\/2025\/12\/image-1-480x320.png 480w, https:\/\/www.galenus.ro\/wp-content\/uploads\/2025\/12\/image-1-390x260.png 390w, https:\/\/www.galenus.ro\/wp-content\/uploads\/2025\/12\/image-1-285x190.png 285w\" sizes=\"auto, (max-width: 600px) 100vw, 600px\" \/><\/a><h2 class=\"post-title\"><a href=\"https:\/\/www.galenus.ro\/hu\/invitatie-participare-anunt-achizitie-domeniu-www\/\" title=\"Invita\u021bie participare anun\u021b achizi\u021bie &#8211; domeniu www\">Invita\u021bie participare anun\u021b achizi\u021bie &#8211; domeniu www<\/a><\/h2><p>Extinderea serviciilor medicale de TELERADIOLOGIE \u0219i TELEMEDICIN\u0102 Extinderea serviciilor medicale de TELERADIOLOGIE \u0219i TELEMEDICIN\u0102Nr. ordine 7183.1\/i3\/c9Finan\u021bat prin Planul Na\u021bional de Redresare&#8230;<\/p>\n<a title=\"Read more\" href=\"https:\/\/www.galenus.ro\/hu\/invitatie-participare-anunt-achizitie-domeniu-www\/\" class=\"more template-arrow-horizontal-1-after\">Read more<\/a>\t\t<div class=\"post-footer clearfix\">\n\t\t\t\t\t\t\t\t<ul class=\"post-footer-details\"><li class=\"post-footer-author\">\n\t\t\t\t\t\t\t\t\t\tExpert IT Reghin\n\t\t\t\t\t\t\t\t\t<\/li><li class=\"post-footer-category\">\n\t\t\t\t\t\t\t\t\t\t\t<a href=\"https:\/\/www.galenus.ro\/hu\/category\/general\/\" title=\"View all posts filed under General\">General<\/a>\n\t\t\t\t\t\t\t\t\t\t<\/li><\/ul><\/div><\/div><\/li><\/ul><\/div><div class=\"show-all clearfix\"><a class=\"template-arrow-horizontal-1-after\" href=\"https:\/\/www.galenus.ro\" title=\"az els\u0151 oldalra\">az els\u0151 oldalra<\/a><\/div>[\/vc_column][vc_column width=&#8221;1\/3&#8243;][vc_widget_sidebar sidebar_id=&#8221;sidebar-home-right&#8221; el_position=&#8221;first last&#8221;][\/vc_column][\/vc_row]<\/p>\n","protected":false},"excerpt":{"rendered":"<p>[vc_row top_margin=&#8221;page-margin-top-section&#8221; el_position=&#8221;first&#8221;][vc_column width=&#8221;1\/2&#8243;][\/vc_column][vc_column width=&#8221;1\/2&#8243;][vc_column_text el_class=&#8221;no-margin description&#8221;]K\u00e9rj\u00fck, vegye figyelembe, hogy a kapott elemz\u00e9si k\u00f6zlem\u00e9nyben tal\u00e1lhat\u00f3 QR -k\u00f3d beolvas\u00e1s\u00e1val 7 napon kereszt\u00fcl korl\u00e1tozott ideig hozz\u00e1f\u00e9rhet az eredm\u00e9nyhez ezen az oldalon kereszt\u00fcl. Ezzel meger\u0151s\u00edtj\u00fck klinik\u00e1nkban az eredm\u00e9ny \u00e9s a teszt hiteless\u00e9g\u00e9t.[\/vc_column_text][\/vc_column][\/vc_row][vc_row top_margin=&#8221;page-margin-top&#8221;][vc_column][vc_row_inner][vc_column_inner width=&#8221;1\/3&#8243;][\/vc_column_inner][vc_column_inner width=&#8221;2\/3&#8243;][\/vc_column_inner][\/vc_row_inner][vc_separator el_position=&#8221;first last&#8221;][\/vc_column][\/vc_row][vc_row top_margin=&#8221;page-margin-top&#8221; el_position=&#8221;last&#8221;][vc_column width=&#8221;2\/3&#8243;][\/vc_column][vc_column width=&#8221;1\/3&#8243;][vc_widget_sidebar sidebar_id=&#8221;sidebar-home-right&#8221; el_position=&#8221;first last&#8221;][\/vc_column][\/vc_row]<\/p>\n","protected":false},"author":6,"featured_media":5289,"parent":0,"menu_order":0,"comment_status":"open","ping_status":"closed","template":"template-default-without-breadcrumbs.php","meta":{"footnotes":""},"class_list":["post-5549","page","type-page","status-publish","has-post-thumbnail","hentry"],"_links":{"self":[{"href":"https:\/\/www.galenus.ro\/hu\/wp-json\/wp\/v2\/pages\/5549","targetHints":{"allow":["GET"]}}],"collection":[{"href":"https:\/\/www.galenus.ro\/hu\/wp-json\/wp\/v2\/pages"}],"about":[{"href":"https:\/\/www.galenus.ro\/hu\/wp-json\/wp\/v2\/types\/page"}],"author":[{"embeddable":true,"href":"https:\/\/www.galenus.ro\/hu\/wp-json\/wp\/v2\/users\/6"}],"replies":[{"embeddable":true,"href":"https:\/\/www.galenus.ro\/hu\/wp-json\/wp\/v2\/comments?post=5549"}],"version-history":[{"count":31,"href":"https:\/\/www.galenus.ro\/hu\/wp-json\/wp\/v2\/pages\/5549\/revisions"}],"predecessor-version":[{"id":5585,"href":"https:\/\/www.galenus.ro\/hu\/wp-json\/wp\/v2\/pages\/5549\/revisions\/5585"}],"wp:featuredmedia":[{"embeddable":true,"href":"https:\/\/www.galenus.ro\/hu\/wp-json\/wp\/v2\/media\/5289"}],"wp:attachment":[{"href":"https:\/\/www.galenus.ro\/hu\/wp-json\/wp\/v2\/media?parent=5549"}],"curies":[{"name":"wp","href":"https:\/\/api.w.org\/{rel}","templated":true}]}}