{"id":5382,"date":"2021-02-09T15:16:52","date_gmt":"2021-02-09T12:16:52","guid":{"rendered":"https:\/\/www.galenus.ro\/account\/"},"modified":"2022-09-15T12:09:31","modified_gmt":"2022-09-15T09:09:31","slug":"contul-meu","status":"publish","type":"page","link":"https:\/\/www.galenus.ro\/hu\/contul-meu\/","title":{"rendered":"Felhaszn\u00e1l\u00f3fi\u00f3k"},"content":{"rendered":"<p>[vc_row type=&#8221;full-width&#8221;][vc_column][vc_raw_html]JTNDc3R5bGUlM0UlMEElMjNteWFjY291bnRpZnJhbWUlMjAubG9naW4tYm94JTIwLnBhZ2VDb250ZW50JTIwaDIudGl0bHUlMjAlN0IlMEElMDljb2xvciUzQSUyMGJsYWNrJTIwJTIxaW1wb3J0YW50JTNCJTBBJTA5Zm9udC13ZWlnaHQlM0ElMjBib2xkZXIlM0IlMEElN0QlMEElM0MlMkZzdHlsZSUzRSUwQSUwQSUzQ2lmcmFtZSUyMGlkJTNEJTIybXlhY2NvdW50aWZyYW1lJTIyJTIwc3JjJTNEJTIyaHR0cHMlM0ElMkYlMkZiMmMuZ2FsZW51cy5ybyUyMiUyMHN0eWxlJTNEJTIyYm9yZGVyJTNBMnB4JTIwJTIzZmZmZmZmJTIwc29saWQlM0IlMjIlMjBuYW1lJTNEJTIyYjJjLmdhbGVudXMucm8lMkZpbmRleC1kZXYuaHRtbCUzRmFwJTNEMSUyMiUyMHNjcm9sbGluZyUzRCUyMm5vJTIyJTIwZnJhbWVib3JkZXIlM0QlMjIxJTIyJTIwbWFyZ2luaGVpZ2h0JTNEJTIyMjVweCUyMiUyMG1hcmdpbndpZHRoJTNEJTIyMjVweCUyMiUyMGhlaWdodCUzRCUyMjExMDBweCUyMiUyMHdpZHRoJTNEJTIyMTAwJTI1JTIyJTIwYWxsb3dmdWxsc2NyZWVuJTIwc2Nyb2xsaW5nJTNEJTIyYXV0byUyMiUzRSUzQyUyRmlmcmFtZSUzRSUwQSUwQQ==[\/vc_raw_html][\/vc_column][\/vc_row]<\/p>\n","protected":false},"excerpt":{"rendered":"<p>[vc_row type=&#8221;full-width&#8221;][vc_column][vc_raw_html]JTNDc3R5bGUlM0UlMEElMjNteWFjY291bnRpZnJhbWUlMjAubG9naW4tYm94JTIwLnBhZ2VDb250ZW50JTIwaDIudGl0bHUlMjAlN0IlMEElMDljb2xvciUzQSUyMGJsYWNrJTIwJTIxaW1wb3J0YW50JTNCJTBBJTA5Zm9udC13ZWlnaHQlM0ElMjBib2xkZXIlM0IlMEElN0QlMEElM0MlMkZzdHlsZSUzRSUwQSUwQSUzQ2lmcmFtZSUyMGlkJTNEJTIybXlhY2NvdW50aWZyYW1lJTIyJTIwc3JjJTNEJTIyaHR0cHMlM0ElMkYlMkZiMmMuZ2FsZW51cy5ybyUyMiUyMHN0eWxlJTNEJTIyYm9yZGVyJTNBMnB4JTIwJTIzZmZmZmZmJTIwc29saWQlM0IlMjIlMjBuYW1lJTNEJTIyYjJjLmdhbGVudXMucm8lMkZpbmRleC1kZXYuaHRtbCUzRmFwJTNEMSUyMiUyMHNjcm9sbGluZyUzRCUyMm5vJTIyJTIwZnJhbWVib3JkZXIlM0QlMjIxJTIyJTIwbWFyZ2luaGVpZ2h0JTNEJTIyMjVweCUyMiUyMG1hcmdpbndpZHRoJTNEJTIyMjVweCUyMiUyMGhlaWdodCUzRCUyMjExMDBweCUyMiUyMHdpZHRoJTNEJTIyMTAwJTI1JTIyJTIwYWxsb3dmdWxsc2NyZWVuJTIwc2Nyb2xsaW5nJTNEJTIyYXV0byUyMiUzRSUzQyUyRmlmcmFtZSUzRSUwQSUwQQ==[\/vc_raw_html][\/vc_column][\/vc_row]<\/p>\n","protected":false},"author":6,"featured_media":0,"parent":0,"menu_order":0,"comment_status":"closed","ping_status":"closed","template":"","meta":{"footnotes":""},"class_list":["post-5382","page","type-page","status-publish","hentry"],"_links":{"self":[{"href":"https:\/\/www.galenus.ro\/hu\/wp-json\/wp\/v2\/pages\/5382","targetHints":{"allow":["GET"]}}],"collection":[{"href":"https:\/\/www.galenus.ro\/hu\/wp-json\/wp\/v2\/pages"}],"about":[{"href":"https:\/\/www.galenus.ro\/hu\/wp-json\/wp\/v2\/types\/page"}],"author":[{"embeddable":true,"href":"https:\/\/www.galenus.ro\/hu\/wp-json\/wp\/v2\/users\/6"}],"replies":[{"embeddable":true,"href":"https:\/\/www.galenus.ro\/hu\/wp-json\/wp\/v2\/comments?post=5382"}],"version-history":[{"count":14,"href":"https:\/\/www.galenus.ro\/hu\/wp-json\/wp\/v2\/pages\/5382\/revisions"}],"predecessor-version":[{"id":5951,"href":"https:\/\/www.galenus.ro\/hu\/wp-json\/wp\/v2\/pages\/5382\/revisions\/5951"}],"wp:attachment":[{"href":"https:\/\/www.galenus.ro\/hu\/wp-json\/wp\/v2\/media?parent=5382"}],"curies":[{"name":"wp","href":"https:\/\/api.w.org\/{rel}","templated":true}]}}