{"id":4574,"date":"2019-07-23T10:42:16","date_gmt":"2019-07-23T07:42:16","guid":{"rendered":"http:\/\/galenus.ro\/?page_id=4574"},"modified":"2020-05-01T18:39:31","modified_gmt":"2020-05-01T15:39:31","slug":"termeni-si-conditii","status":"publish","type":"page","link":"https:\/\/www.galenus.ro\/hu\/termeni-si-conditii\/","title":{"rendered":"Felhaszn\u00e1l\u00f3i felt\u00e9telek"},"content":{"rendered":"<p>[vc_row][vc_column][vc_column_text]<\/p>\r\n<p><strong>Felhaszn\u00e1l\u00e1si felt\u00e9telek<\/strong><\/p>\r\n<p>Az oldal <strong>www.galenus.ro<\/strong> tulajdonosa\u00a0 <strong>Mures Healthcare Group SRL<\/strong>, a c\u00e9g \u00e1ltal meghat\u00e1rozott CIF: www.galenus.ro, bejegyzett kereskedelmi ter\u00fcl Maros <strong>J26-1715-2017<\/strong> sz\u00e9khely\u0171 <strong>Tg. Mures, Str. D\u00f3zsa Gy\u00f6rgy, Nr. 19-21, Maros megye, RO<\/strong>.<strong><br \/><\/strong>Ez a dokumentum meghat\u00e1rozza a felt\u00e9teleket akkor a helysz\u00ednen www.galenus.ro. A honlapon, bejelentkez\u00e9s \u00e9s a szolg\u00e1ltat\u00e1sokhoz val\u00f3 hozz\u00e1f\u00e9r\u00e9s mag\u00e1ban foglalja elfogadja ezeket a felt\u00e9teleket, minden k\u00f6vetkezm\u00e9nye elfogad\u00f3 acestora.Mures Healthcare Group Ltd fenntartja a jogot, hogy b\u00e1rmikor ezeket a felt\u00e9teleket.<\/p>\r\n<p><strong>hozz\u00e1f\u00e9r\u00e9s<\/strong><\/p>\r\n<p>A c\u00e9l haszn\u00e1lhatja ezt a site-hoz kap inform\u00e1ci\u00f3t \u00e1ltal ny\u00fajtott eg\u00e9szs\u00e9g\u00fcgyi szolg\u00e1ltat\u00e1sokat Mures Healthcare Group SRL &#8211; Medical Center Galenus \u00e9s hozz\u00e1f\u00e9r\u00e9s cikkek, inform\u00e1ci\u00f3k medicale.Orice felhaszn\u00e1l\u00e1sa elt\u00e9r\u0151 c\u00e9lokra ez nem megengedett. Mures Healthcare Group Ltd nem v\u00e1llal felel\u0151ss\u00e9get a biztons\u00e1g ezen az oldalon, vagy a kommunik\u00e1ci\u00f3.<\/p>\r\n<p><strong>Cikkek, inform\u00e1ci\u00f3k<\/strong><\/p>\r\n<p>Cikkek \u00e9s orvosi inform\u00e1ci\u00f3kat honlapj\u00e1n k\u00f6zz\u00e9tett www.galenus.ro k\u00e9sz\u00fcl, \u00e9s ellen\u0151rizni egy csapat szakember gyakorl\u00f3 Maros Healthcare Group SRL. C\u00e9ljuk az, hogy a tudom\u00e1nyos \u00e9s orvosi szakter\u00fclet, tett egy nyelven hozz\u00e1f\u00e9rhet\u0151 a beteg \u00e9s a felhaszn\u00e1lhat\u00f3 eszk\u00f6z\u00f6k meg\u00e9rt\u00e9s\u00e9ben k\u00fcl\u00f6nf\u00e9le betegs\u00e9gek vagy k\u00fcl\u00f6nb\u00f6z\u0151 orvosi szempontb\u00f3l.<\/p>\r\n<p>Hangs\u00falyozzuk, hogy az orvosi inform\u00e1ci\u00f3kat ezen az oldalon kereszt\u00fcl nem helyettes\u00edti az orvosi tan\u00e1csot vagy kezel\u00e9st aj\u00e1nl\u00e1sokat \u00e9s inform\u00e1ci\u00f3kat adhat az orvos, \u00e9s nem helyettes\u00edti a diagn\u00f3zis alapj\u00e1n az orvosi vizsg\u00e1latok \u00e9s tesztek. Ha agg\u00f3dnak az eg\u00e9szs\u00e9gre, azt javasoljuk, hogy amellett, hogy inform\u00e1ci\u00f3t kapott az oldalon kereszt\u00fcl www.galenus.ro, hogy konzult\u00e1ljon orvos\u00e1val vagy, vagy valamelyik szakorvosok, hogy tan\u00e1csot illet\u00e9kes.<\/p>\r\n<p><strong>copyright<\/strong><\/p>\r\n<p>Mures Healthcare Group SRL ingyenes hozz\u00e1f\u00e9r\u00e9st biztos\u00edt a honlapj\u00e1n, \u00e9s lehet\u0151v\u00e9 teszi a felhaszn\u00e1l\u00f3k megtekinthetik \u00e9s let\u00f6lteni adatokat felker\u00fcl az oldalon kiz\u00e1r\u00f3lag szem\u00e9lyes, nem kereskedelmi.<\/p>\r\n<p>Szerz\u0151i inform\u00e1ci\u00f3t err\u0151l oldal tulajdonosa Maros Healthcare Group SRL. Nem anyag ezen az oldalon nem lehet reproduk\u00e1lni, vagy v\u00e1ltoztatni an\u00e9lk\u00fcl, hogy kifejezett enged\u00e9lye Mures Healthcare Group SRL. A tartalom ezen az oldalon, grafik\u00e1k, fot\u00f3k, szoftverek, log\u00f3k \u00e9s egy\u00e9b anyagok az oldalon szerz\u0151i jogv\u00e9delem alatt \u00e1llnak, \u00e9s tulajdonosa Mures Healthcare Group SRL &#8211; Medical Center Galenus vagy le\u00e1nyv\u00e1llalatai.<\/p>\r\n<p>Sokszoros\u00edt\u00e1s, m\u00e1sol\u00e1s, sokszoros\u00edt\u00e1s, \u00e9rt\u00e9kes\u00edt\u00e9se vagy viszontelad\u00e1sa anyagok egy r\u00e9sz\u00e9t, a hozz\u00e1f\u00e9r\u00e9s \u00e9s az inform\u00e1ci\u00f3s \u00e9s anyagok oly m\u00f3don, hogy nem felel meg a rom\u00e1n jogszab\u00e1lyok \u00e9s nemzetk\u00f6zi szerz\u0151i jogi \u00e9s a szellemi tulajdon mag\u00e1ban foglalja a polg\u00e1ri vagy b\u00fcntet\u0151jogi felel\u0151ss\u00e9gre az ilyen int\u00e9zked\u00e9seket.<\/p>\r\n<p>Mures Healthcare Group Ltd fenntartja a jogot, hogy megakad\u00e1lyozza b\u00e1rmilyen eszk\u00f6zzel kapcsolatot \u00e9s az oldal haszn\u00e1lat\u00e1val \u00e9s sz\u00fcks\u00e9g szankcion\u00e1l\u00f3 t\u00f6rv\u00e9ny \u00e1ltal \u00e9rintett szem\u00e9lyeket, ha bizony\u00edt\u00e9k van arra, hogy a c\u00e9l az, hogy elpuszt\u00edtsa, vagy m\u00f3dos\u00edthatja a webhely tartalm\u00e1t, illetve annak biztons\u00e1g\u00e1t, vagy k\u00eds\u00e9rlet hogy t\u00e1mad\u00e1s vagy lej\u00e1ratni Mures Healthcare Group SRL &#8211; Medical Center Galenus \u00e9s szolg\u00e1ltat\u00e1sok.<\/p>\r\n<p><strong>A haszn\u00e1lat szab\u00e1lyai<\/strong><\/p>\r\n<p>Nem enged\u00e9lyezett:<\/p>\r\n<ul>\r\n<li>A m\u00e1sol\u00e1s, sokszoros\u00edt\u00e1s \u00e9s terjeszt\u00e9s inform\u00e1ci\u00f3k \u00e9s anyagok ezen az oldalon.<\/li>\r\n<li>Megzavar\u00e1sa, b\u00e1rmilyen eszk\u00f6zzel, a weboldal tartalm\u00e1t, t\u00f6rl\u00e9se vagy m\u00f3dos\u00edt\u00e1sa k\u00f6z\u00f6lt anyagok.<\/li>\r\n<li>Egy tetsz\u0151leges e-mail c\u00edmeket a honlapj\u00e1n val\u00f3 forgalmaz\u00e1s vagy levelez\u0151list\u00e1k k\u00fcld\u00f6tt e-mailek kereskedelmi vagy b\u00e1rmely m\u00e1s c\u00e9lra, mint e-mail k\u00fcld\u00e9se indokolt \u00edr\u00e1sbeli hozz\u00e1j\u00e1rul\u00e1sa n\u00e9lk\u00fcl a tulajdonosok ezeket a c\u00edmeket .<\/li>\r\n<li>Ha nem k\u00f6veti e szab\u00e1lyok k\u00f6ztelezetts\u00e9geket polg\u00e1ri vagy b\u00fcntet\u0151jogi felel\u0151ss\u00e9g, adott esetben.<\/li>\r\n<\/ul>\r\n<p><strong>k\u00fcls\u0151 hivatkoz\u00e1sok<\/strong><\/p>\r\n<p>Kereszt\u00fcl oldalon www.galenus.ro tal\u00e1lkozhatnak \u00e9s hozz\u00e1f\u00e9r\u00e9s m\u00e1s oldalakra mutat\u00f3 linkeket ter\u0163e.Mures Healthcare Group Ltd nem v\u00e1llal felel\u0151ss\u00e9get a bizalmas ilyen helyek, amelyek azt tan\u00e1csoljuk, hogy vegye figyelembe a politik\u00e1k Adatv\u00e9delmi \u00e9s saj\u00e1tos felhaszn\u00e1l\u00e1si felt\u00e9telek.<\/p>\r\n<p><strong>felel\u0151ss\u00e9g<\/strong><\/p>\r\n<p>Mures Healthcare Group Ltd nem v\u00e1llal felel\u0151ss\u00e9get, hogy nem maradt k\u00e1rok k\u00f6zvetlen, k\u00f6zvetett vagy j\u00e1rul\u00e9kos k\u00e1r\u00e9rt:<\/p>\r\n<ul>\r\n<li>haszn\u00e1lja vagy nem tudja haszn\u00e1lni inform\u00e1ci\u00f3s oldalon;<\/li>\r\n<li>a beszerz\u00e9si k\u00f6lts\u00e9ge \u00e1ruk vagy szolg\u00e1ltat\u00e1sok ered\u0151 adatokat, inform\u00e1ci\u00f3kat beszerezni a honlapon www.galenus.ro;<\/li>\r\n<li>jogosulatlan hozz\u00e1f\u00e9r\u00e9s vagy az adatok megv\u00e1ltoztat\u00e1sa \u00e1tvitel;<\/li>\r\n<li>nyilatkozatok vagy int\u00e9zked\u00e9sek b\u00e1rmely harmadik f\u00e9l helyben szolg\u00e1ltat\u00e1sok;<\/li>\r\n<li>b\u00e1rmilyen probl\u00e9ma a helysz\u00ednen.<\/li>\r\n<\/ul>\r\n<p>Kiz\u00e1r\u00f3lag a felhaszn\u00e1l\u00f3 felel\u0151s okozott k\u00e1rok\u00e9rt sz\u00e1m\u00edt\u00f3g\u00e9pes rendszer vagy h\u00e1l\u00f3zat, amely hozz\u00e1f\u00e9r a webhely vagy adatveszt\u00e9s, amely esetleg a let\u00f6lt\u00f6tt inform\u00e1ci\u00f3val webhely tartalm\u00e1t.<br \/>Felel\u0151ss\u00e9g a inform\u00e1ci\u00f3k, v\u00e9lem\u00e9nyek \u00e9s tartalma a megjelent cikkek az oldalon www.galenus.ro, blog Mures Healthcare Group Ltd ugyanis kiz\u00e1r\u00f3lag a szerz\u0151k.<\/p>\r\n<pre id=\"tw-target-text\" class=\"tw-data-text tw-text-large tw-ta\" dir=\"ltr\" data-placeholder=\"Traducere\"><strong><span lang=\"hu\">Enged\u00e9lyek a nukle\u00e1ris ter\u00fcleten v\u00e9gzett tev\u00e9kenys\u00e9gek elv\u00e9gz\u00e9s\u00e9re<\/span><\/strong><\/pre>\r\n<ul class=\"wp-block-gallery columns-2 is-cropped\">\r\n<li class=\"blocks-gallery-item\">\r\n<figure><img loading=\"lazy\" decoding=\"async\" width=\"724\" height=\"1024\" class=\"wp-image-4580\" src=\"https:\/\/galenus.ro\/wp-content\/uploads\/2019\/07\/autorizatie1-724x1024.png\" alt=\"\" data-id=\"4580\" data-link=\"https:\/\/galenus.ro\/termeni-si-conditii\/autorizatie1\/\" srcset=\"https:\/\/www.galenus.ro\/wp-content\/uploads\/2019\/07\/autorizatie1-724x1024.png 724w, https:\/\/www.galenus.ro\/wp-content\/uploads\/2019\/07\/autorizatie1-212x300.png 212w, https:\/\/www.galenus.ro\/wp-content\/uploads\/2019\/07\/autorizatie1-768x1086.png 768w, https:\/\/www.galenus.ro\/wp-content\/uploads\/2019\/07\/autorizatie1.png 1653w\" sizes=\"auto, (max-width: 724px) 100vw, 724px\" \/><\/figure>\r\n<\/li>\r\n<li class=\"blocks-gallery-item\">\r\n<figure><img loading=\"lazy\" decoding=\"async\" width=\"725\" height=\"1024\" class=\"wp-image-4581\" src=\"https:\/\/galenus.ro\/wp-content\/uploads\/2019\/07\/autorizatie2-725x1024.png\" alt=\"\" data-id=\"4581\" data-link=\"https:\/\/galenus.ro\/termeni-si-conditii\/autorizatie2\/\" srcset=\"https:\/\/www.galenus.ro\/wp-content\/uploads\/2019\/07\/autorizatie2-725x1024.png 725w, https:\/\/www.galenus.ro\/wp-content\/uploads\/2019\/07\/autorizatie2-212x300.png 212w, https:\/\/www.galenus.ro\/wp-content\/uploads\/2019\/07\/autorizatie2-768x1085.png 768w, https:\/\/www.galenus.ro\/wp-content\/uploads\/2019\/07\/autorizatie2.png 1653w\" sizes=\"auto, (max-width: 725px) 100vw, 725px\" \/><\/figure>\r\n<\/li>\r\n<\/ul>\r\n<p>[\/vc_column_text][\/vc_column][\/vc_row]<\/p>","protected":false},"excerpt":{"rendered":"<p>[vc_row][vc_column][vc_column_text] Felhaszn\u00e1l\u00e1si felt\u00e9telek Az oldal www.galenus.ro tulajdonosa\u00a0 Mures Healthcare Group SRL, a c\u00e9g \u00e1ltal meghat\u00e1rozott CIF: www.galenus.ro, bejegyzett kereskedelmi ter\u00fcl Maros J26-1715-2017 sz\u00e9khely\u0171 Tg. Mures, Str. D\u00f3zsa Gy\u00f6rgy, Nr. 19-21, Maros megye, RO.Ez a dokumentum meghat\u00e1rozza a felt\u00e9teleket akkor a helysz\u00ednen www.galenus.ro. A honlapon, bejelentkez\u00e9s \u00e9s a szolg\u00e1ltat\u00e1sokhoz val\u00f3 hozz\u00e1f\u00e9r\u00e9s mag\u00e1ban foglalja elfogadja ezeket a<\/p>\n","protected":false},"author":1,"featured_media":0,"parent":0,"menu_order":0,"comment_status":"closed","ping_status":"closed","template":"template-home.php","meta":{"footnotes":""},"class_list":["post-4574","page","type-page","status-publish","hentry"],"_links":{"self":[{"href":"https:\/\/www.galenus.ro\/hu\/wp-json\/wp\/v2\/pages\/4574","targetHints":{"allow":["GET"]}}],"collection":[{"href":"https:\/\/www.galenus.ro\/hu\/wp-json\/wp\/v2\/pages"}],"about":[{"href":"https:\/\/www.galenus.ro\/hu\/wp-json\/wp\/v2\/types\/page"}],"author":[{"embeddable":true,"href":"https:\/\/www.galenus.ro\/hu\/wp-json\/wp\/v2\/users\/1"}],"replies":[{"embeddable":true,"href":"https:\/\/www.galenus.ro\/hu\/wp-json\/wp\/v2\/comments?post=4574"}],"version-history":[{"count":13,"href":"https:\/\/www.galenus.ro\/hu\/wp-json\/wp\/v2\/pages\/4574\/revisions"}],"predecessor-version":[{"id":5020,"href":"https:\/\/www.galenus.ro\/hu\/wp-json\/wp\/v2\/pages\/4574\/revisions\/5020"}],"wp:attachment":[{"href":"https:\/\/www.galenus.ro\/hu\/wp-json\/wp\/v2\/media?parent=4574"}],"curies":[{"name":"wp","href":"https:\/\/api.w.org\/{rel}","templated":true}]}}