{"id":3794,"date":"2018-10-25T11:45:48","date_gmt":"2018-10-25T11:45:48","guid":{"rendered":"http:\/\/quanticalabs.com\/wptest\/medicenter-new\/?page_id=3794"},"modified":"2025-01-26T23:42:24","modified_gmt":"2025-01-26T20:42:24","slug":"servicii","status":"publish","type":"page","link":"https:\/\/www.galenus.ro\/hu\/servicii\/","title":{"rendered":"Servicii"},"content":{"rendered":"<p>[vc_row top_margin=&#8221;page-margin-top-section&#8221;][vc_column]<ul class=\"services-list clearfix\"><li class=\"vc_row wpb_row vc_row-fluid\"><ul><li><a href=\"https:\/\/www.galenus.ro\/hu\/servicii\/spital-multidisciplinar\/\" title=\"Multidiszciplin\u00e1ris K\u00f3rh\u00e1z\"><img loading=\"lazy\" decoding=\"async\" width=\"480\" height=\"320\" src=\"https:\/\/www.galenus.ro\/wp-content\/uploads\/2025\/01\/Spital-Multidisciplinar-GALENUS-2025-format-1-la-1-v2-480x320.jpg\" class=\"attachment-medium-thumb size-medium-thumb wp-post-image\" alt=\"Multidiszciplin\u00e1ris K\u00f3rh\u00e1z\" title=\"\" srcset=\"https:\/\/www.galenus.ro\/wp-content\/uploads\/2025\/01\/Spital-Multidisciplinar-GALENUS-2025-format-1-la-1-v2-480x320.jpg 480w, https:\/\/www.galenus.ro\/wp-content\/uploads\/2025\/01\/Spital-Multidisciplinar-GALENUS-2025-format-1-la-1-v2-670x446.jpg 670w, https:\/\/www.galenus.ro\/wp-content\/uploads\/2025\/01\/Spital-Multidisciplinar-GALENUS-2025-format-1-la-1-v2-600x400.jpg 600w, https:\/\/www.galenus.ro\/wp-content\/uploads\/2025\/01\/Spital-Multidisciplinar-GALENUS-2025-format-1-la-1-v2-390x260.jpg 390w, https:\/\/www.galenus.ro\/wp-content\/uploads\/2025\/01\/Spital-Multidisciplinar-GALENUS-2025-format-1-la-1-v2-285x190.jpg 285w\" sizes=\"auto, (max-width: 480px) 100vw, 480px\" \/><\/a><div class=\"service-details\"><h4 class=\"box-header\"><a href=\"https:\/\/www.galenus.ro\/hu\/servicii\/spital-multidisciplinar\/\" title=\"Multidiszciplin\u00e1ris K\u00f3rh\u00e1z\">Multidiszciplin\u00e1ris K\u00f3rh\u00e1z<\/a><\/h4><p>A Galenus Multidiszciplin\u00e1ris K\u00f3rh\u00e1zban arra \u00f6sszpontos\u00edtunk, ami a legfontosabb a betegek sz\u00e1m\u00e1ra: a legjobb orvosokhoz val\u00f3 gyors hozz\u00e1f\u00e9r\u00e9sre, prec\u00edz kezel\u00e9sekre, modern k\u00f6r\u00fclm\u00e9nyekre \u00e9s szem\u00e9lyre szabott megk\u00f6zel\u00edt\u00e9sre.<\/p>\n<\/div><\/li><li><a href=\"https:\/\/www.galenus.ro\/hu\/servicii\/ambulatoriu-specialitate\/\" title=\"J\u00e1r\u00f3beteg ell\u00e1t\u00f3 (Poliklinika)\"><img loading=\"lazy\" decoding=\"async\" width=\"480\" height=\"320\" src=\"https:\/\/www.galenus.ro\/wp-content\/uploads\/2019\/08\/NOI17-480x320.jpg\" class=\"attachment-medium-thumb size-medium-thumb wp-post-image\" alt=\"J\u00e1r\u00f3beteg ell\u00e1t\u00f3 (Poliklinika)\" title=\"\" srcset=\"https:\/\/www.galenus.ro\/wp-content\/uploads\/2019\/08\/NOI17-480x320.jpg 480w, https:\/\/www.galenus.ro\/wp-content\/uploads\/2019\/08\/NOI17-670x446.jpg 670w, https:\/\/www.galenus.ro\/wp-content\/uploads\/2019\/08\/NOI17-600x400.jpg 600w, https:\/\/www.galenus.ro\/wp-content\/uploads\/2019\/08\/NOI17-390x260.jpg 390w, https:\/\/www.galenus.ro\/wp-content\/uploads\/2019\/08\/NOI17-285x190.jpg 285w\" sizes=\"auto, (max-width: 480px) 100vw, 480px\" \/><\/a><div class=\"service-details\"><h4 class=\"box-header\"><a href=\"https:\/\/www.galenus.ro\/hu\/servicii\/ambulatoriu-specialitate\/\" title=\"J\u00e1r\u00f3beteg ell\u00e1t\u00f3 (Poliklinika)\">J\u00e1r\u00f3beteg ell\u00e1t\u00f3 (Poliklinika)<\/a><\/h4><p>Megb\u00edzhat\u00f3 laborat\u00f3riumi \u00e9s k\u00e9palkot\u00f3 szolg\u00e1ltat\u00e1sok sz\u00e9les sk\u00e1l\u00e1j\u00e1t ny\u00fajtja<\/p>\n<\/div><\/li><li><a href=\"https:\/\/www.galenus.ro\/hu\/servicii\/imagistica-medicala\/\" title=\"Radiol\u00f3giai k\u00f6zpont\"><img loading=\"lazy\" decoding=\"async\" width=\"480\" height=\"320\" src=\"https:\/\/www.galenus.ro\/wp-content\/uploads\/2019\/07\/69350490_2658891424161486_2411972248098308096_o-480x320.jpg\" class=\"attachment-medium-thumb size-medium-thumb wp-post-image\" alt=\"Radiol\u00f3giai k\u00f6zpont\" title=\"\" srcset=\"https:\/\/www.galenus.ro\/wp-content\/uploads\/2019\/07\/69350490_2658891424161486_2411972248098308096_o-480x320.jpg 480w, https:\/\/www.galenus.ro\/wp-content\/uploads\/2019\/07\/69350490_2658891424161486_2411972248098308096_o-300x200.jpg 300w, https:\/\/www.galenus.ro\/wp-content\/uploads\/2019\/07\/69350490_2658891424161486_2411972248098308096_o-768x512.jpg 768w, https:\/\/www.galenus.ro\/wp-content\/uploads\/2019\/07\/69350490_2658891424161486_2411972248098308096_o-1024x683.jpg 1024w, https:\/\/www.galenus.ro\/wp-content\/uploads\/2019\/07\/69350490_2658891424161486_2411972248098308096_o-670x446.jpg 670w, https:\/\/www.galenus.ro\/wp-content\/uploads\/2019\/07\/69350490_2658891424161486_2411972248098308096_o-600x400.jpg 600w, https:\/\/www.galenus.ro\/wp-content\/uploads\/2019\/07\/69350490_2658891424161486_2411972248098308096_o-390x260.jpg 390w, https:\/\/www.galenus.ro\/wp-content\/uploads\/2019\/07\/69350490_2658891424161486_2411972248098308096_o-285x190.jpg 285w, https:\/\/www.galenus.ro\/wp-content\/uploads\/2019\/07\/69350490_2658891424161486_2411972248098308096_o.jpg 2048w\" sizes=\"auto, (max-width: 480px) 100vw, 480px\" \/><\/a><div class=\"service-details\"><h4 class=\"box-header\"><a href=\"https:\/\/www.galenus.ro\/hu\/servicii\/imagistica-medicala\/\" title=\"Radiol\u00f3giai k\u00f6zpont\">Radiol\u00f3giai k\u00f6zpont<\/a><\/h4><p>&#8211; CT (sz\u00e1m\u00edt\u00f3g\u00e9pes tomogr\u00e1fia)<br \/>\n&#8211; Hagyom\u00e1nyos radiol\u00f3gia<br \/>\n&#8211; Mammogr\u00e1fia<br \/>\n&#8211; Osteodensitometria<\/p>\n<\/div><\/li><\/ul><\/li><li class=\"vc_row wpb_row vc_row-fluid\"><ul><li><a href=\"https:\/\/www.galenus.ro\/hu\/servicii\/medicina-muncii\/\" title=\"Munkahelyi orvosl\u00e1s\"><img loading=\"lazy\" decoding=\"async\" width=\"480\" height=\"320\" src=\"https:\/\/www.galenus.ro\/wp-content\/uploads\/2019\/06\/Medicina-Muncii-2020-600x400-web-480x320.jpg\" class=\"attachment-medium-thumb size-medium-thumb wp-post-image\" alt=\"Munkahelyi orvosl\u00e1s\" title=\"\" srcset=\"https:\/\/www.galenus.ro\/wp-content\/uploads\/2019\/06\/Medicina-Muncii-2020-600x400-web-480x320.jpg 480w, https:\/\/www.galenus.ro\/wp-content\/uploads\/2019\/06\/Medicina-Muncii-2020-600x400-web-300x200.jpg 300w, https:\/\/www.galenus.ro\/wp-content\/uploads\/2019\/06\/Medicina-Muncii-2020-600x400-web-390x260.jpg 390w, https:\/\/www.galenus.ro\/wp-content\/uploads\/2019\/06\/Medicina-Muncii-2020-600x400-web-285x190.jpg 285w, https:\/\/www.galenus.ro\/wp-content\/uploads\/2019\/06\/Medicina-Muncii-2020-600x400-web.jpg 600w\" sizes=\"auto, (max-width: 480px) 100vw, 480px\" \/><\/a><div class=\"service-details\"><h4 class=\"box-header\"><a href=\"https:\/\/www.galenus.ro\/hu\/servicii\/medicina-muncii\/\" title=\"Munkahelyi orvosl\u00e1s\">Munkahelyi orvosl\u00e1s<\/a><\/h4><p>Megb\u00edzhat\u00f3 laborat\u00f3riumi \u00e9s k\u00e9palkot\u00f3 szolg\u00e1ltat\u00e1sok sz\u00e9les sk\u00e1l\u00e1j\u00e1t ny\u00fajtja<\/p>\n<\/div><\/li><li><a href=\"https:\/\/www.galenus.ro\/hu\/servicii\/analize-medicale\/\" title=\"Orvosi elemz\u00e9sek\"><img loading=\"lazy\" decoding=\"async\" width=\"480\" height=\"320\" src=\"https:\/\/www.galenus.ro\/wp-content\/uploads\/2019\/08\/NOI-10-480x320.jpg\" class=\"attachment-medium-thumb size-medium-thumb wp-post-image\" alt=\"Orvosi elemz\u00e9sek\" title=\"\" srcset=\"https:\/\/www.galenus.ro\/wp-content\/uploads\/2019\/08\/NOI-10-480x320.jpg 480w, https:\/\/www.galenus.ro\/wp-content\/uploads\/2019\/08\/NOI-10-670x446.jpg 670w, https:\/\/www.galenus.ro\/wp-content\/uploads\/2019\/08\/NOI-10-600x400.jpg 600w, https:\/\/www.galenus.ro\/wp-content\/uploads\/2019\/08\/NOI-10-390x260.jpg 390w, https:\/\/www.galenus.ro\/wp-content\/uploads\/2019\/08\/NOI-10-285x190.jpg 285w\" sizes=\"auto, (max-width: 480px) 100vw, 480px\" \/><\/a><div class=\"service-details\"><h4 class=\"box-header\"><a href=\"https:\/\/www.galenus.ro\/hu\/servicii\/analize-medicale\/\" title=\"Orvosi elemz\u00e9sek\">Orvosi elemz\u00e9sek<\/a><\/h4><p>Megb\u00edzhat\u00f3 laborat\u00f3riumi \u00e9s k\u00e9palkot\u00f3 szolg\u00e1ltat\u00e1sok sz\u00e9les sk\u00e1l\u00e1j\u00e1t ny\u00fajtja<\/p>\n<\/div><\/li><li><a href=\"https:\/\/www.galenus.ro\/hu\/servicii\/telemedicina\/\" title=\"Telemedicina\"><img loading=\"lazy\" decoding=\"async\" width=\"399\" height=\"254\" src=\"https:\/\/www.galenus.ro\/wp-content\/uploads\/2020\/04\/pas-1-galenus-line-v2.jpg\" class=\"attachment-medium-thumb size-medium-thumb wp-post-image\" alt=\"Telemedicina\" title=\"\" srcset=\"https:\/\/www.galenus.ro\/wp-content\/uploads\/2020\/04\/pas-1-galenus-line-v2.jpg 399w, https:\/\/www.galenus.ro\/wp-content\/uploads\/2020\/04\/pas-1-galenus-line-v2-300x191.jpg 300w\" sizes=\"auto, (max-width: 399px) 100vw, 399px\" \/><\/a><div class=\"service-details\"><h4 class=\"box-header\"><a href=\"https:\/\/www.galenus.ro\/hu\/servicii\/telemedicina\/\" title=\"Telemedicina\">Telemedicina<\/a><\/h4><p>A Galenus orvosi k\u00f6zpont \u00e1ltal ny\u00fajtott leg\u00fajabb szolg\u00e1ltat\u00e1s az, hogy tan\u00e1csot \u00e9s korl\u00e1tozott form\u00e1j\u00fa orvosi aj\u00e1nl\u00e1sokat kapjon a TELEMEDICINE-n kereszt\u00fcl. A Galenus LINE patak seg\u00edts\u00e9g\u00e9vel biztons\u00e1gos \u00e9s egyszer\u0171 kapcsolatot vehet fel orvos\u00e1val.<\/p>\n<\/div><\/li><\/ul><\/li><li class=\"vc_row wpb_row vc_row-fluid\"><ul><li><a href=\"https:\/\/www.galenus.ro\/hu\/servicii\/contul-meu\/\" title=\"Felhaszn\u00e1l\u00f3fi\u00f3k\"><img loading=\"lazy\" decoding=\"async\" width=\"480\" height=\"320\" src=\"https:\/\/www.galenus.ro\/wp-content\/uploads\/2022\/08\/Screenshot-2022-08-17-at-09.35.01-480x320.png\" class=\"attachment-medium-thumb size-medium-thumb wp-post-image\" alt=\"Felhaszn\u00e1l\u00f3fi\u00f3k\" title=\"\" srcset=\"https:\/\/www.galenus.ro\/wp-content\/uploads\/2022\/08\/Screenshot-2022-08-17-at-09.35.01-480x320.png 480w, https:\/\/www.galenus.ro\/wp-content\/uploads\/2022\/08\/Screenshot-2022-08-17-at-09.35.01-670x446.png 670w, https:\/\/www.galenus.ro\/wp-content\/uploads\/2022\/08\/Screenshot-2022-08-17-at-09.35.01-600x400.png 600w, https:\/\/www.galenus.ro\/wp-content\/uploads\/2022\/08\/Screenshot-2022-08-17-at-09.35.01-390x260.png 390w, https:\/\/www.galenus.ro\/wp-content\/uploads\/2022\/08\/Screenshot-2022-08-17-at-09.35.01-285x190.png 285w\" sizes=\"auto, (max-width: 480px) 100vw, 480px\" \/><\/a><div class=\"service-details\"><h4 class=\"box-header\"><a href=\"https:\/\/www.galenus.ro\/hu\/servicii\/contul-meu\/\" title=\"Felhaszn\u00e1l\u00f3fi\u00f3k\">Felhaszn\u00e1l\u00f3fi\u00f3k<\/a><\/h4><p>A Galenus orvosi k\u00f6zpont \u00e1ltal ny\u00fajtott leg\u00fajabb szolg\u00e1ltat\u00e1s az, hogy tan\u00e1csot \u00e9s korl\u00e1tozott form\u00e1j\u00fa orvosi aj\u00e1nl\u00e1sokat kapjon a TELEMEDICINE-n kereszt\u00fcl. A Galenus LINE patak seg\u00edts\u00e9g\u00e9vel biztons\u00e1gos \u00e9s egyszer\u0171 kapcsolatot vehet fel orvos\u00e1val.<\/p>\n<\/div><\/li><\/ul><\/li><\/ul>[\/vc_column][\/vc_row]<\/p>\n","protected":false},"excerpt":{"rendered":"<p>[vc_row top_margin=&#8221;page-margin-top-section&#8221;][vc_column][\/vc_column][\/vc_row]<\/p>\n","protected":false},"author":1,"featured_media":0,"parent":0,"menu_order":0,"comment_status":"closed","ping_status":"closed","template":"","meta":{"footnotes":""},"class_list":["post-3794","page","type-page","status-publish","hentry"],"_links":{"self":[{"href":"https:\/\/www.galenus.ro\/hu\/wp-json\/wp\/v2\/pages\/3794","targetHints":{"allow":["GET"]}}],"collection":[{"href":"https:\/\/www.galenus.ro\/hu\/wp-json\/wp\/v2\/pages"}],"about":[{"href":"https:\/\/www.galenus.ro\/hu\/wp-json\/wp\/v2\/types\/page"}],"author":[{"embeddable":true,"href":"https:\/\/www.galenus.ro\/hu\/wp-json\/wp\/v2\/users\/1"}],"replies":[{"embeddable":true,"href":"https:\/\/www.galenus.ro\/hu\/wp-json\/wp\/v2\/comments?post=3794"}],"version-history":[{"count":2,"href":"https:\/\/www.galenus.ro\/hu\/wp-json\/wp\/v2\/pages\/3794\/revisions"}],"predecessor-version":[{"id":6051,"href":"https:\/\/www.galenus.ro\/hu\/wp-json\/wp\/v2\/pages\/3794\/revisions\/6051"}],"wp:attachment":[{"href":"https:\/\/www.galenus.ro\/hu\/wp-json\/wp\/v2\/media?parent=3794"}],"curies":[{"name":"wp","href":"https:\/\/api.w.org\/{rel}","templated":true}]}}