{"id":1294,"date":"2013-04-23T08:11:30","date_gmt":"2013-04-23T08:11:30","guid":{"rendered":"http:\/\/localhost\/wordpress\/medicenter\/?page_id=1294"},"modified":"2026-03-27T14:27:08","modified_gmt":"2026-03-27T11:27:08","slug":"contact","status":"publish","type":"page","link":"https:\/\/www.galenus.ro\/hu\/contact\/","title":{"rendered":"Contact"},"content":{"rendered":"<p>[vc_row top_margin=&#8221;page-margin-top-section&#8221;][vc_column width=&#8221;1\/3&#8243;]<ul class=\"clearfix mc-features mc-features-large mc-features-style-light\"><li class=\"item-content clearfix\">\r\n\t\t\t\t<span class=\"hexagon animated-element animation-scale\"  title=\"C\u00edm\"><span class=\"features-location\"><\/span><\/span><div class=\"text\"><h2><span   title=\"C\u00edm\">C\u00edm<\/span><\/h2><p>D\u00f3zsa Gy\u00f6rgy utca 19-21<br \/>\nMarosv\u00e1s\u00e1rhely, MS 540236<\/p>\n<\/div>\r\n\t\t\t<\/li><\/ul><ul class=\"clearfix mc-features mc-features-large mc-features-style-light page-margin-top\"><li class=\"item-content clearfix\">\r\n\t\t\t\t<span class=\"hexagon animated-element animation-scale\"  title=\"H\u00edvjon most\"><span class=\"features-phone\"><\/span><\/span><div class=\"text\"><h2><span   title=\"H\u00edvjon most\">H\u00edvjon most<\/span><\/h2><p>0365 915<br \/>\n0265 215 000<br \/>\n0265 216 500<\/p>\n<\/div>\r\n\t\t\t<\/li><\/ul><ul class=\"clearfix mc-features mc-features-large mc-features-style-light page-margin-top\"><li class=\"item-content clearfix\">\r\n\t\t\t\t<a class=\"hexagon\" href=\"https:\/\/www.galenus.ro\/hu\/detalii\/trimite-un-fax\/\" title=\"K\u00fcldj\u00f6n faxot\"><span class=\"features-printer\"><\/span><\/a><div class=\"text\"><h2><span   title=\"K\u00fcldj\u00f6n faxot\">K\u00fcldj\u00f6n faxot<\/span><\/h2><p>+40 365 430 600<\/p>\n<\/div>\r\n\t\t\t<\/li><\/ul><ul class=\"clearfix mc-features mc-features-large mc-features-style-light page-margin-top\"><li class=\"item-content clearfix\">\r\n\t\t\t\t<a class=\"hexagon\" href=\"https:\/\/www.galenus.ro\/hu\/detalii\/email\/\" title=\"Email\"><span class=\"features-email\"><\/span><\/a><div class=\"text\"><h2><span   title=\"Email\">Email<\/span><\/h2><p><a href='mailto:registratura@galenus.ro'>Orvos kinevez\u00e9se \u00e9s m\u00e1sok<\/a><br \/>\n<a href='mailto:medicinamuncii@galenus.ro'>Munkahelyi orvos kinevez\u00e9se<\/a><br \/>\n<a href='mailto:resurse.umane@galenus.ro'>\u00c1ll\u00e1sra jelentkezni<\/a><br \/>\n<a href='mailto:office@galenus.ro'>Vezet\u00e9s<\/a><\/p>\n<\/div>\r\n\t\t\t<\/li><\/ul>[\/vc_column][vc_column width=&#8221;1\/3&#8243;]<ul class=\"clearfix mc-features mc-features-large mc-features-style-light\"><li class=\"item-content clearfix\">\r\n\t\t\t\t<a class=\"hexagon\" href=\"https:\/\/www.galenus.ro\/hu\/detalii\/furnizare-studii-clinice\/\" title=\"Reghini Rendel\u0151int\u00e9zet \u00e9s Elemz\u00e9sek\"><span class=\"features-people\"><\/span><\/a><div class=\"text\"><h2><span   title=\"Reghini Rendel\u0151int\u00e9zet \u00e9s Elemz\u00e9sek\">Reghini Rendel\u0151int\u00e9zet \u00e9s Elemz\u00e9sek<\/span><\/h2><p>Luni-Vineri: 7:30 &#8211; 20:00<br \/>\nTelefon: 0265 216 500<br \/>\nMobil:   0770 915 000<br \/>\n<a href='mailto:registratura@galenus.ro'>Registratura Galenus<\/a><br \/>\n<a href='mailto:programari@galenus.ro'>Programari online!<\/a><\/p>\n<\/div>\r\n\t\t\t<\/li><\/ul><ul class=\"clearfix mc-features mc-features-large mc-features-style-light page-margin-top\"><li class=\"item-content clearfix\">\r\n\t\t\t\t<span class=\"hexagon animated-element animation-scale\"  title=\"Multidiszciplin\u00e1ris k\u00f3rh\u00e1z\"><span class=\"features-hospital\"><\/span><\/span><div class=\"text\"><h2><span   title=\"Multidiszciplin\u00e1ris k\u00f3rh\u00e1z\">Multidiszciplin\u00e1ris k\u00f3rh\u00e1z<\/span><\/h2><p>Luni \u2013 Duminica: 24\/7<br \/>\nMobil: +40 757 029 100<br \/>\n<a href='mailto:registratura@galenus.ro'>Registratura Galenus<\/a><br \/>\n<a href='mailto:programari@galenus.ro'>Programari online!<\/a><\/p>\n<\/div>\r\n\t\t\t<\/li><\/ul><ul class=\"clearfix mc-features mc-features-large mc-features-style-light page-margin-top\"><li class=\"item-content clearfix\">\r\n\t\t\t\t<span class=\"hexagon animated-element animation-scale\"  title=\"Orvosi k\u00e9palkot\u00e1s\"><span class=\"features-image\"><\/span><\/span><div class=\"text\"><h2><span   title=\"Orvosi k\u00e9palkot\u00e1s\">Orvosi k\u00e9palkot\u00e1s<\/span><\/h2><p>Luni \u2013 Vineri: 7:30-18:00<br \/>\nTelefon: +40 265 215 000<br \/>\nMobil: +40 757 010 111<br \/>\n<a href='mailto:registratura@galenus.ro'>Registratura Galenus<\/a><br \/>\n<a href='mailto:programari@galenus.ro'>Programari online!<\/a><\/p>\n<\/div>\r\n\t\t\t<\/li><\/ul><ul class=\"clearfix mc-features mc-features-large mc-features-style-light page-margin-top\"><li class=\"item-content clearfix\">\r\n\t\t\t\t<a class=\"hexagon\" href=\"https:\/\/www.galenus.ro\/hu\/detalii\/studii-genetice\/\" title=\"Klinikai vizsg\u00e1latok\"><span class=\"features-document\"><\/span><\/a><div class=\"text\"><h2><span   title=\"Klinikai vizsg\u00e1latok\">Klinikai vizsg\u00e1latok<\/span><\/h2><p>A k\u00f6zpont kutat\u00e1s-fejleszt\u00e9sre \u00f6sszpontos\u00edtva felhatalmaz\u00e1st kapunk klinikai vizsg\u00e1latok elv\u00e9gz\u00e9s\u00e9re.<br \/>\nEmail: <a href='mailto:studiiclinice@galenus.ro'> studiiclinice@galenus.ro <\/a><\/p>\n<\/div>\r\n\t\t\t<\/li><\/ul>[\/vc_column][vc_column width=&#8221;1\/3&#8243;]<ul class=\"clearfix mc-features mc-features-large mc-features-style-light\"><li class=\"item-content clearfix\">\r\n\t\t\t\t<span class=\"hexagon animated-element animation-scale\"  title=\"J\u00e1r\u00f3beteg ell\u00e1t\u00f3\"><span class=\"features-people\"><\/span><\/span><div class=\"text\"><h2><span   title=\"J\u00e1r\u00f3beteg ell\u00e1t\u00f3\">J\u00e1r\u00f3beteg ell\u00e1t\u00f3<\/span><\/h2><p>H\u00e9tf\u0151 &#8211; P\u00e9ntek 7:30-21:00<br \/>\nTelefon: +40 265 215 000<br \/>\nMobiltelefon: +40 757 010 111<br \/>\n<a href='mailto:registratura@galenus.ro'>Registratura Galenus<\/a><br \/>\n<a href='mailto:programari@galenus.ro'>Programari online!<\/a><\/p>\n<\/div>\r\n\t\t\t<\/li><\/ul><ul class=\"clearfix mc-features mc-features-large mc-features-style-light page-margin-top\"><li class=\"item-content clearfix\">\r\n\t\t\t\t<span class=\"hexagon animated-element animation-scale\"  title=\"Orvosi elemz\u0151 k\u00f6zpont\"><span class=\"features-drip\"><\/span><\/span><div class=\"text\"><h2><span   title=\"Orvosi elemz\u0151 k\u00f6zpont\">Orvosi elemz\u0151 k\u00f6zpont<\/span><\/h2><p>H\u00e9tf\u0151 &#8211; p\u00e9ntek 7: 30-15: 30<br \/>\nTelefon: +40 365 455 541<br \/>\nMobiltelefon: +40 757 029 101<\/p>\n<\/div>\r\n\t\t\t<\/li><\/ul><ul class=\"clearfix mc-features mc-features-large mc-features-style-light page-margin-top\"><li class=\"item-content clearfix\">\r\n\t\t\t\t<span class=\"hexagon animated-element animation-scale\"  title=\"Munkahelyi orvosl\u00e1s\"><span class=\"features-clock\"><\/span><\/span><div class=\"text\"><h2><span   title=\"Munkahelyi orvosl\u00e1s\">Munkahelyi orvosl\u00e1s<\/span><\/h2><p>H\u00e9tf\u0151-p\u00e9ntek: 7: 30-15: 30<br \/>\nTelefon: +40 365 455 540<br \/>\nMobiltelefon: +40 757 029 108<\/p>\n<\/div>\r\n\t\t\t<\/li><\/ul>[\/vc_column][\/vc_row][vc_row type=&#8221;full-width&#8221; el_position=&#8221;first&#8221; css=&#8221;.vc_custom_1586370131142{padding-top: 50px !important;}&#8221;][vc_column width=&#8221;1\/2&#8243;][vc_raw_html]JTNDaWZyYW1lJTIwc3JjJTNEJTIyaHR0cHMlM0ElMkYlMkZ3d3cuZ29vZ2xlLmNvbSUyRm1hcHMlMkZlbWJlZCUzRnBiJTNEJTIxMW0xOCUyMTFtMTIlMjExbTMlMjExZDI3NDMuODA0Mzc2MzU4MjE1JTIxMmQyNC41NzEyMzUwMTU4NjEwNjclMjEzZDQ2LjU1MTU1NjQ2ODI1MDMyJTIxMm0zJTIxMWYwJTIxMmYwJTIxM2YwJTIxM20yJTIxMWkxMDI0JTIxMmk3NjglMjE0ZjEzLjElMjEzbTMlMjExbTIlMjExczB4NDc0YmI2NDc5ZmI4MTQ3ZCUyNTNBMHhjNjVmMTFkNTZjNDdjODk4JTIxMnNTLkMuJTJCQWRyaWElMkJNZWQlMkJTLlIuTC4lMkItJTJCQ2VudHJ1bCUyQk1lZGljYWwlMkJHYWxlbnVzJTIxNWUwJTIxM20yJTIxMXNlbiUyMTJzcm8lMjE0djE1NTMwODU3NzQ3MDYlMjIlMjB3aWR0aCUzRCUyMjEwMCUyNSUyMiUyMGhlaWdodCUzRCUyMjQ1MCUyMiUyMGZyYW1lYm9yZGVyJTNEJTIyMCUyMiUyMHN0eWxlJTNEJTIyYm9yZGVyJTNBMCUyMiUyMGFsbG93ZnVsbHNjcmVlbiUzRSUzQyUyRmlmcmFtZSUzRQ==[\/vc_raw_html][\/vc_column][vc_column width=&#8221;1\/2&#8243;][vc_raw_html]JTNDaWZyYW1lJTIwc3JjJTNEJTIyaHR0cHMlM0ElMkYlMkZ3d3cuZ29vZ2xlLmNvbSUyRm1hcHMlMkZlbWJlZCUzRnBiJTNEJTIxMW0xOCUyMTFtMTIlMjExbTMlMjExZDI3MzIuNDcxMDY4ODY4MDY2JTIxMmQyNC43MDEyMDc3MTU4NDc0OSUyMTNkNDYuNzc1MzIxMzc5MTM4NDElMjEybTMlMjExZjAlMjEyZjAlMjEzZjAlMjEzbTIlMjExaTEwMjQlMjEyaTc2OCUyMTRmMTMuMSUyMTNtMyUyMTFtMiUyMTFzMHg0NzRhMzcxNDkyMGJkY2RkJTI1M0EweDU5YmQ2ZmEyN2Y1ZWYxMTUlMjEyc0NlbnRydWwlMjUyME1lZGljYWwlMjUyMEdhbGVudXMlMjUyMC0lMjUyMFJlZ2hpbiUyMTVlMCUyMTNtMiUyMTFzcm8lMjEyc3JvJTIxNHYxNjIyMDAxNzAyNzc0JTIxNW0yJTIxMXNybyUyMTJzcm8lMjIlMjB3aWR0aCUzRCUyMjEwMCUyNSUyMiUyMGhlaWdodCUzRCUyMjQ1MCUyMiUyMHN0eWxlJTNEJTIyYm9yZGVyJTNBMCUzQiUyMiUyMGFsbG93ZnVsbHNjcmVlbiUzRCUyMiUyMiUyMGxvYWRpbmclM0QlMjJsYXp5JTIyJTNFJTNDJTJGaWZyYW1lJTNF[\/vc_raw_html][\/vc_column][\/vc_row][vc_row top_margin=&#8221;page-margin-top&#8221; el_position=&#8221;last&#8221;][vc_column width=&#8221;2\/3&#8243;]<h3 class=\"box-header animation-slide\">Contacteaza-ne<\/h3><form class=\"contact-form \" id=\"contact_form\" method=\"post\" action=\"\"><ul class=\"clearfix tabs-box-navigation sf-menu\">\n\t\t\t\t<li class=\"tabs-box-navigation-selected wide template-plus-2-after\" aria-haspopup=\"true\">\n\t\t\t\t\t<input type=\"hidden\" name=\"department\" value=\"\" \/>\n\t\t\t\t\t<span>Selecteaza Departamentul dorit<\/span>\n\t\t\t\t\t<ul class=\"sub-menu\"><li><a href=\"#medicina-muncii\" title=\"Medicina muncii\">Medicina muncii<\/a><\/li><li><a href=\"#alergologie\" title=\"Allergol\u00f3gia\">Allergol\u00f3gia<\/a><\/li><li><a href=\"#aparate-auditive\" title=\"Hall\u00f3k\u00e9sz\u00fcl\u00e9kek\">Hall\u00f3k\u00e9sz\u00fcl\u00e9kek<\/a><\/li><li><a href=\"#cardiologie\" title=\"Kardiol\u00f3gia\">Kardiol\u00f3gia<\/a><\/li><li><a href=\"#chirurgie-estetica\" title=\"Plasztikai seb\u00e9szet\">Plasztikai seb\u00e9szet<\/a><\/li><li><a href=\"#chirurgie-generala\" title=\"\u00c1ltal\u00e1nos seb\u00e9szet\">\u00c1ltal\u00e1nos seb\u00e9szet<\/a><\/li><li><a href=\"#chirurgie-pediatrica\" title=\"Gyermekseb\u00e9szet\">Gyermekseb\u00e9szet<\/a><\/li><li><a href=\"#dermatologie\" title=\"Dermatol\u00f3gia\">Dermatol\u00f3gia<\/a><\/li><li><a href=\"#diabet\" title=\"Cukorbetegs\u00e9gr\u0151l, a t\u00e1pl\u00e1lkoz\u00e1si \u00e9s anyagcsere-betegs\u00e9gekr\u0151l\">Cukorbetegs\u00e9gr\u0151l, a t\u00e1pl\u00e1lkoz\u00e1si \u00e9s anyagcsere-betegs\u00e9gekr\u0151l<\/a><\/li><li><a href=\"#doppler-vascular\" title=\"Doppler vascular\">Doppler vascular<\/a><\/li><li><a href=\"#ecocardiografie-pediatrica\" title=\"Gyerek sz\u00edv ultrahang\">Gyerek sz\u00edv ultrahang<\/a><\/li><li><a href=\"#ecocardiografieadulti\" title=\"Sz\u00edv ultrahang\">Sz\u00edv ultrahang<\/a><\/li><li><a href=\"#ecografierinichi\" title=\"Vese ultrahang\">Vese ultrahang<\/a><\/li><li><a href=\"#ecografie-cervicala\" title=\"Nyaki Ultrahang\">Nyaki Ultrahang<\/a><\/li><li><a href=\"#ecografie-de-organficat\" title=\"M\u00e1j Ultrahang\">M\u00e1j Ultrahang<\/a><\/li><li><a href=\"#ecografie-de-rinichi-si-aparat-reno-urinarpediatrica\" title=\"Gyerek Vese Ultrahang\">Gyerek Vese Ultrahang<\/a><\/li><li><a href=\"#ecografie-doppler-artera-renala\" title=\"Vese Art\u00e9ri\u00e1s Ultrahang\">Vese Art\u00e9ri\u00e1s Ultrahang<\/a><\/li><li><a href=\"#ecografie-doppler-arterial-periferic\" title=\"Art\u00e9ri\u00e1s Ultrahang\">Art\u00e9ri\u00e1s Ultrahang<\/a><\/li><li><a href=\"#ecografie-doppler-carotidian\" title=\"Nyaki \u00dct\u0151\u00e9r Ultrahang\">Nyaki \u00dct\u0151\u00e9r Ultrahang<\/a><\/li><li><a href=\"#ecografie-generalaabdomenpediatrica\" title=\"Gyerek \u00c1ltal\u00e1nos Ultrahang\">Gyerek \u00c1ltal\u00e1nos Ultrahang<\/a><\/li><li><a href=\"#ecografie-generalaabdomen\" title=\"\u00c1ltal\u00e1nos Ultrahang (abdomin\u00e1lis)\">\u00c1ltal\u00e1nos Ultrahang (abdomin\u00e1lis)<\/a><\/li><li><a href=\"#ecografie-glande-salivare\" title=\"Ny\u00e1lmirigy Ultrahang\">Ny\u00e1lmirigy Ultrahang<\/a><\/li><li><a href=\"#ecografie-mamara\" title=\"Mell Ultrahang\">Mell Ultrahang<\/a><\/li><li><a href=\"#ecografie-parti-moipediatrica\" title=\"Gyerek Puha r\u00e9szek Ultrahang\">Gyerek Puha r\u00e9szek Ultrahang<\/a><\/li><li><a href=\"#ecografie-parti-moi\" title=\"L\u00e1gy r\u00e9szek ultrahang\">L\u00e1gy r\u00e9szek ultrahang<\/a><\/li><li><a href=\"#ecografie-pentru-preventia-luxatiei-de-sold\" title=\"Cs\u00edp\u0151ficam prevenci\u00f3s ultrahang\">Cs\u00edp\u0151ficam prevenci\u00f3s ultrahang<\/a><\/li><li><a href=\"#ecografie-testicul\" title=\"Here Ultrahang\">Here Ultrahang<\/a><\/li><li><a href=\"#ecografie-tiroida\" title=\"Pajzsmirigy Ultrahang\">Pajzsmirigy Ultrahang<\/a><\/li><li><a href=\"#ecografie-transfontanelarpediatrica\" title=\"Gyerek Agyi ultrahang\">Gyerek Agyi ultrahang<\/a><\/li><li><a href=\"#ecografie\" title=\"Ultrahang\">Ultrahang<\/a><\/li><li><a href=\"#endocrinologie\" title=\"Endokrinol\u00f3gia\">Endokrinol\u00f3gia<\/a><\/li><li><a href=\"#gastroenterologie\" title=\"Gasztroenterol\u00f3gia\">Gasztroenterol\u00f3gia<\/a><\/li><li><a href=\"#ginecologie\" title=\"N\u0151gy\u00f3gy\u00e1szat\">N\u0151gy\u00f3gy\u00e1szat<\/a><\/li><li><a href=\"#hematologie\" title=\"Hematol\u00f3gia\">Hematol\u00f3gia<\/a><\/li><li><a href=\"#medicina-interna\" title=\"Belgy\u00f3gy\u00e1szat\">Belgy\u00f3gy\u00e1szat<\/a><\/li><li><a href=\"#nefrologie-pediatrica\" title=\"Gyermek Nefrol\u00f3gia\">Gyermek Nefrol\u00f3gia<\/a><\/li><li><a href=\"#nefrologie\" title=\"Nefrol\u00f3gia\">Nefrol\u00f3gia<\/a><\/li><li><a href=\"#neonatologie\" title=\"Neonatol\u00f3gia\">Neonatol\u00f3gia<\/a><\/li><li><a href=\"#neurochirurgie\" title=\"Idegseb\u00e9szet\">Idegseb\u00e9szet<\/a><\/li><li><a href=\"#neurologie\" title=\"Neurol\u00f3gia\">Neurol\u00f3gia<\/a><\/li><li><a href=\"#nutritie-dietetica\" title=\"T\u00e1pl\u00e1lkoz\u00e1s \u00e9s dietetika\">T\u00e1pl\u00e1lkoz\u00e1s \u00e9s dietetika<\/a><\/li><li><a href=\"#oftalmologie\" title=\"Szem\u00e9szet\">Szem\u00e9szet<\/a><\/li><li><a href=\"#oncologie\" title=\"Onkol\u00f3gia\">Onkol\u00f3gia<\/a><\/li><li><a href=\"#orl\" title=\"F\u00fclorrg\u00e9g\u00e9szet\">F\u00fclorrg\u00e9g\u00e9szet<\/a><\/li><li><a href=\"#ortopedie-traumatologie\" title=\"Ortop\u00e9dia - Traumatol\u00f3gia\">Ortop\u00e9dia - Traumatol\u00f3gia<\/a><\/li><li><a href=\"#pediatrie\" title=\"Gyerekgy\u00f3gy\u00e1szat\">Gyerekgy\u00f3gy\u00e1szat<\/a><\/li><li><a href=\"#pneumoologie\" title=\"Pneumol\u00f3gia\">Pneumol\u00f3gia<\/a><\/li><li><a href=\"#psihiatrie\" title=\"Pszihi\u00e1tria\">Pszihi\u00e1tria<\/a><\/li><li><a href=\"#psihologie-clinica-terapie\" title=\"Pszihol\u00f3gia \u00e9s ter\u00e1pia\">Pszihol\u00f3gia \u00e9s ter\u00e1pia<\/a><\/li><li><a href=\"#reumatologie\" title=\"Reumatol\u00f3gia\">Reumatol\u00f3gia<\/a><\/li><li><a href=\"#spital-multidisciplinar-galenus\" title=\"Galenus Multidiszciplin\u00e1ris K\u00f3rh\u00e1z\">Galenus Multidiszciplin\u00e1ris K\u00f3rh\u00e1z<\/a><\/li><li><a href=\"#urologie\" title=\"Urol\u00f3gia\">Urol\u00f3gia<\/a><\/li><\/ul>\n\t\t\t\t<\/ul><input type=\"hidden\" id=\"department_select_box_title\" value=\"Selecteaza Departamentul dorit\"><div class=\"vc_row wpb_row vc_inner\">\n\t\t\t<fieldset class=\"vc_col-sm-6 wpb_column vc_column_container\"><label>Prenume<\/label>\n\t\t\t\t<div class=\"block\">\n\t\t\t\t\t<input class=\"text_input\" name=\"first_name\" type=\"text\" value=\"\" tabindex=\"1\" data-required=\"1\">\n\t\t\t\t<\/div><label>Telefon<\/label>\n\t\t\t\t<div class=\"block\">\n\t\t\t\t\t<input class=\"text_input\" name=\"phone_number\" type=\"text\" value=\"\" tabindex=\"5\">\n\t\t\t\t<\/div><\/fieldset>\n\t\t\t<fieldset class=\"vc_col-sm-6 wpb_column vc_column_container\"><label>Nume<\/label>\n\t\t\t\t<div class=\"block\">\n\t\t\t\t\t<input class=\"text_input\" name=\"last_name\" type=\"text\" value=\"\" tabindex=\"2\" data-required=\"1\">\n\t\t\t\t<\/div><label>E-mail<\/label>\n\t\t\t\t<div class=\"block\">\n\t\t\t\t\t<input class=\"text_input\" name=\"email\" type=\"text\" value=\"\" tabindex=\"6\" data-required=\"1\">\n\t\t\t\t<\/div><\/fieldset>\n\t\t<\/div><div class=\"vc_row wpb_row vc_inner\">\n\t\t\t<fieldset>\n\t\t\t\t<label>Detalii<\/label>\n\t\t\t\t<div class=\"block\">\n\t\t\t\t\t<textarea name=\"message\" tabindex=\"7\" data-required=\"1\"><\/textarea>\n\t\t\t\t<\/div>\n\t\t\t<\/fieldset>\n\t\t<\/div><div class=\"vc_row wpb_row vc_inner submit-container margin-top-30 row-with-recaptcha\"><fieldset class=\"vc_col-sm-6 wpb_column vc_column_container\">\n\t\t\t\t<p>Va contactam in termen de maxim o zi lucratoare.<\/p>\n\t\t\t<\/fieldset>\n\t\t\t<fieldset class=\"vc_col-sm-6 wpb_column vc_column_container column-with-recaptcha\"><input type=\"hidden\" name=\"action\" value=\"theme_contact_form\" \/>\n\t\t\t\t<input type=\"hidden\" name=\"id\" value=\"contact_form\" \/><div class=\"vc_row wpb_row vc_inner button-with-recaptcha\">\n\t\t\t\t<input type=\"submit\" name=\"submit\" value=\"Trimite\" class=\"more mc-button\" \/>\n\t\t\t<\/div><div class=\"g-recaptcha-wrapper block\"><div class=\"g-recaptcha\" data-sitekey=\"6LfdKFoaAAAAAIGcSH2ap7y9O0mKxEeCuH-DkAwB\"><\/div><\/div><\/fieldset><\/div>\n\t<\/form>[\/vc_column][vc_column width=&#8221;1\/3&#8243;][vc_widget_sidebar sidebar_id=&#8221;sidebar-home-right-style-2&#8243; el_position=&#8221;first last&#8221;][\/vc_column][\/vc_row][vc_row top_margin=&#8221;page-margin-top&#8221;][vc_column][vc_separator][\/vc_column][\/vc_row][vc_row][vc_column]<h2 class=\"box-header align-center page-margin-top\">Chestionar satisfac\u021bie<\/h2>[\/vc_column][vc_column][vc_raw_html]JTVCcXNtJTIwcXVpeiUzRDElNUQ=[\/vc_raw_html][\/vc_column][\/vc_row]<\/p>\n","protected":false},"excerpt":{"rendered":"<p>[vc_row top_margin=&#8221;page-margin-top-section&#8221;][vc_column width=&#8221;1\/3&#8243;][\/vc_column][vc_column width=&#8221;1\/3&#8243;][\/vc_column][vc_column width=&#8221;1\/3&#8243;][\/vc_column][\/vc_row][vc_row type=&#8221;full-width&#8221; el_position=&#8221;first&#8221; css=&#8221;.vc_custom_1586370131142{padding-top: 50px !important;}&#8221;][vc_column width=&#8221;1\/2&#8243;][vc_raw_html]JTNDaWZyYW1lJTIwc3JjJTNEJTIyaHR0cHMlM0ElMkYlMkZ3d3cuZ29vZ2xlLmNvbSUyRm1hcHMlMkZlbWJlZCUzRnBiJTNEJTIxMW0xOCUyMTFtMTIlMjExbTMlMjExZDI3NDMuODA0Mzc2MzU4MjE1JTIxMmQyNC41NzEyMzUwMTU4NjEwNjclMjEzZDQ2LjU1MTU1NjQ2ODI1MDMyJTIxMm0zJTIxMWYwJTIxMmYwJTIxM2YwJTIxM20yJTIxMWkxMDI0JTIxMmk3NjglMjE0ZjEzLjElMjEzbTMlMjExbTIlMjExczB4NDc0YmI2NDc5ZmI4MTQ3ZCUyNTNBMHhjNjVmMTFkNTZjNDdjODk4JTIxMnNTLkMuJTJCQWRyaWElMkJNZWQlMkJTLlIuTC4lMkItJTJCQ2VudHJ1bCUyQk1lZGljYWwlMkJHYWxlbnVzJTIxNWUwJTIxM20yJTIxMXNlbiUyMTJzcm8lMjE0djE1NTMwODU3NzQ3MDYlMjIlMjB3aWR0aCUzRCUyMjEwMCUyNSUyMiUyMGhlaWdodCUzRCUyMjQ1MCUyMiUyMGZyYW1lYm9yZGVyJTNEJTIyMCUyMiUyMHN0eWxlJTNEJTIyYm9yZGVyJTNBMCUyMiUyMGFsbG93ZnVsbHNjcmVlbiUzRSUzQyUyRmlmcmFtZSUzRQ==[\/vc_raw_html][\/vc_column][vc_column width=&#8221;1\/2&#8243;][vc_raw_html]JTNDaWZyYW1lJTIwc3JjJTNEJTIyaHR0cHMlM0ElMkYlMkZ3d3cuZ29vZ2xlLmNvbSUyRm1hcHMlMkZlbWJlZCUzRnBiJTNEJTIxMW0xOCUyMTFtMTIlMjExbTMlMjExZDI3MzIuNDcxMDY4ODY4MDY2JTIxMmQyNC43MDEyMDc3MTU4NDc0OSUyMTNkNDYuNzc1MzIxMzc5MTM4NDElMjEybTMlMjExZjAlMjEyZjAlMjEzZjAlMjEzbTIlMjExaTEwMjQlMjEyaTc2OCUyMTRmMTMuMSUyMTNtMyUyMTFtMiUyMTFzMHg0NzRhMzcxNDkyMGJkY2RkJTI1M0EweDU5YmQ2ZmEyN2Y1ZWYxMTUlMjEyc0NlbnRydWwlMjUyME1lZGljYWwlMjUyMEdhbGVudXMlMjUyMC0lMjUyMFJlZ2hpbiUyMTVlMCUyMTNtMiUyMTFzcm8lMjEyc3JvJTIxNHYxNjIyMDAxNzAyNzc0JTIxNW0yJTIxMXNybyUyMTJzcm8lMjIlMjB3aWR0aCUzRCUyMjEwMCUyNSUyMiUyMGhlaWdodCUzRCUyMjQ1MCUyMiUyMHN0eWxlJTNEJTIyYm9yZGVyJTNBMCUzQiUyMiUyMGFsbG93ZnVsbHNjcmVlbiUzRCUyMiUyMiUyMGxvYWRpbmclM0QlMjJsYXp5JTIyJTNFJTNDJTJGaWZyYW1lJTNF[\/vc_raw_html][\/vc_column][\/vc_row][vc_row top_margin=&#8221;page-margin-top&#8221; el_position=&#8221;last&#8221;][vc_column width=&#8221;2\/3&#8243;][\/vc_column][vc_column width=&#8221;1\/3&#8243;][vc_widget_sidebar sidebar_id=&#8221;sidebar-home-right-style-2&#8243; el_position=&#8221;first last&#8221;][\/vc_column][\/vc_row][vc_row top_margin=&#8221;page-margin-top&#8221;][vc_column][vc_separator][\/vc_column][\/vc_row][vc_row][vc_column][\/vc_column][vc_column][vc_raw_html]JTVCcXNtJTIwcXVpeiUzRDElNUQ=[\/vc_raw_html][\/vc_column][\/vc_row]<\/p>\n","protected":false},"author":1,"featured_media":0,"parent":0,"menu_order":0,"comment_status":"open","ping_status":"open","template":"","meta":{"footnotes":""},"class_list":["post-1294","page","type-page","status-publish","hentry"],"_links":{"self":[{"href":"https:\/\/www.galenus.ro\/hu\/wp-json\/wp\/v2\/pages\/1294","targetHints":{"allow":["GET"]}}],"collection":[{"href":"https:\/\/www.galenus.ro\/hu\/wp-json\/wp\/v2\/pages"}],"about":[{"href":"https:\/\/www.galenus.ro\/hu\/wp-json\/wp\/v2\/types\/page"}],"author":[{"embeddable":true,"href":"https:\/\/www.galenus.ro\/hu\/wp-json\/wp\/v2\/users\/1"}],"replies":[{"embeddable":true,"href":"https:\/\/www.galenus.ro\/hu\/wp-json\/wp\/v2\/comments?post=1294"}],"version-history":[{"count":80,"href":"https:\/\/www.galenus.ro\/hu\/wp-json\/wp\/v2\/pages\/1294\/revisions"}],"predecessor-version":[{"id":6139,"href":"https:\/\/www.galenus.ro\/hu\/wp-json\/wp\/v2\/pages\/1294\/revisions\/6139"}],"wp:attachment":[{"href":"https:\/\/www.galenus.ro\/hu\/wp-json\/wp\/v2\/media?parent=1294"}],"curies":[{"name":"wp","href":"https:\/\/api.w.org\/{rel}","templated":true}]}}